{"id":22128,"date":"2021-01-13T16:12:09","date_gmt":"2021-01-13T16:12:09","guid":{"rendered":"https:\/\/romeuprenafeta.com\/preguntas-frecuentes\/"},"modified":"2025-11-11T11:24:41","modified_gmt":"2025-11-11T11:24:41","slug":"preguntas-frecuentes","status":"publish","type":"page","link":"https:\/\/romeuprenafeta.com\/es\/preguntas-frecuentes\/","title":{"rendered":"Preguntas frecuentes"},"content":{"rendered":"\t\t<div data-elementor-type=\"wp-page\" data-elementor-id=\"22128\" class=\"elementor elementor-22128 elementor-25\" data-elementor-post-type=\"page\">\n\t\t\t\t\t\t<section class=\"elementor-section elementor-top-section elementor-element elementor-element-2ca950d elementor-section-boxed elementor-section-height-default elementor-section-height-default\" data-id=\"2ca950d\" data-element_type=\"section\" data-settings=\"{&quot;background_background&quot;:&quot;classic&quot;}\">\n\t\t\t\t\t\t<div class=\"elementor-container elementor-column-gap-no\">\n\t\t\t\t\t<div class=\"elementor-column elementor-col-100 elementor-top-column elementor-element elementor-element-f7bdb89\" data-id=\"f7bdb89\" data-element_type=\"column\">\n\t\t\t<div class=\"elementor-widget-wrap elementor-element-populated\">\n\t\t\t\t\t\t<section class=\"elementor-section elementor-inner-section elementor-element elementor-element-2e052a9 elementor-section-boxed elementor-section-height-default elementor-section-height-default\" data-id=\"2e052a9\" data-element_type=\"section\">\n\t\t\t\t\t\t<div class=\"elementor-container elementor-column-gap-no\">\n\t\t\t\t\t<div class=\"elementor-column elementor-col-50 elementor-inner-column elementor-element elementor-element-ce44484\" data-id=\"ce44484\" data-element_type=\"column\">\n\t\t\t<div class=\"elementor-widget-wrap elementor-element-populated\">\n\t\t\t\t\t\t<div class=\"elementor-element elementor-element-361a3a2 elementor-widget elementor-widget-linoor-accordion\" data-id=\"361a3a2\" data-element_type=\"widget\" data-widget_type=\"linoor-accordion.default\">\n\t\t\t\t<div class=\"elementor-widget-container\">\n\t\t\t\t\t<div class=\"faq-block\">\r\n    <ul class=\"accordion-box m-0 list-unstyled clearfix\" id=\"69f5ba33d0cf7\">\r\n                                        <!--Block-->\r\n            <li class=\"accordion block active-block\">\r\n                <div class=\"acc-btn active \"><span class=\"count\">1.<\/span>  We help to create visual strategies<\/div>\r\n                <div class=\"acc-content current\">\r\n                    <div class=\"content\">\r\n                        <div class=\"text\">\nThere are many variations of passages the majority have suffered alteration in some fo injected humour, or randomised words believable.\n<\/div>\r\n                    <\/div>\r\n                <\/div>\r\n            <\/li>\r\n                                            <!--Block-->\r\n            <li class=\"accordion block \">\r\n                <div class=\"acc-btn  \"><span class=\"count\">2.<\/span> Motion Graphics &amp; Animations<\/div>\r\n                <div class=\"acc-content \">\r\n                    <div class=\"content\">\r\n                        <div class=\"text\">\nThere are many variations of passages the majority have suffered alteration in some fo injected humour, or randomised words believable.\n<\/div>\r\n                    <\/div>\r\n                <\/div>\r\n            <\/li>\r\n                                            <!--Block-->\r\n            <li class=\"accordion block \">\r\n                <div class=\"acc-btn  \"><span class=\"count\">3.<\/span>  What happend to my design code<\/div>\r\n                <div class=\"acc-content \">\r\n                    <div class=\"content\">\r\n                        <div class=\"text\">\nThere are many variations of passages the majority have suffered alteration in some fo injected humour, or randomised words believable.\n<\/div>\r\n                    <\/div>\r\n                <\/div>\r\n            <\/li>\r\n                                            <!--Block-->\r\n            <li class=\"accordion block \">\r\n                <div class=\"acc-btn  \"><span class=\"count\">4.<\/span> what will be the cost of code<\/div>\r\n                <div class=\"acc-content \">\r\n                    <div class=\"content\">\r\n                        <div class=\"text\">\nThere are many variations of passages the majority have suffered alteration in some fo injected humour, or randomised words believable.\n<\/div>\r\n                    <\/div>\r\n                <\/div>\r\n            <\/li>\r\n                        <\/ul>\r\n<\/div><!-- \/.faq-block -->\t\t\t\t<\/div>\n\t\t\t\t<\/div>\n\t\t\t\t\t<\/div>\n\t\t<\/div>\n\t\t\t\t<div class=\"elementor-column elementor-col-50 elementor-inner-column elementor-element elementor-element-b2ea417\" data-id=\"b2ea417\" data-element_type=\"column\">\n\t\t\t<div class=\"elementor-widget-wrap elementor-element-populated\">\n\t\t\t\t\t\t<div class=\"elementor-element elementor-element-d231c51 elementor-widget elementor-widget-linoor-accordion\" data-id=\"d231c51\" data-element_type=\"widget\" data-widget_type=\"linoor-accordion.default\">\n\t\t\t\t<div class=\"elementor-widget-container\">\n\t\t\t\t\t<div class=\"faq-block\">\r\n    <ul class=\"accordion-box m-0 list-unstyled clearfix\" id=\"69f5ba33d0fa4\">\r\n                                        <!--Block-->\r\n            <li class=\"accordion block \">\r\n                <div class=\"acc-btn  \"><span class=\"count\">1.<\/span>  We help to create visual strategies<\/div>\r\n                <div class=\"acc-content \">\r\n                    <div class=\"content\">\r\n                        <div class=\"text\">\nThere are many variations of passages the majority have suffered alteration in some fo injected humour, or randomised words believable.\n<\/div>\r\n                    <\/div>\r\n                <\/div>\r\n            <\/li>\r\n                                            <!--Block-->\r\n            <li class=\"accordion block \">\r\n                <div class=\"acc-btn  \"><span class=\"count\">2.<\/span> Motion Graphics &amp; Animations<\/div>\r\n                <div class=\"acc-content \">\r\n                    <div class=\"content\">\r\n                        <div class=\"text\">\nThere are many variations of passages the majority have suffered alteration in some fo injected humour, or randomised words believable.\n<\/div>\r\n                    <\/div>\r\n                <\/div>\r\n            <\/li>\r\n                                            <!--Block-->\r\n            <li class=\"accordion block active-block\">\r\n                <div class=\"acc-btn active \"><span class=\"count\">3.<\/span>  What happend to my design code<\/div>\r\n                <div class=\"acc-content current\">\r\n                    <div class=\"content\">\r\n                        <div class=\"text\">\nThere are many variations of passages the majority have suffered alteration in some fo injected humour, or randomised words believable.\n<\/div>\r\n                    <\/div>\r\n                <\/div>\r\n            <\/li>\r\n                                            <!--Block-->\r\n            <li class=\"accordion block \">\r\n                <div class=\"acc-btn  \"><span class=\"count\">4.<\/span> what will be the cost of code<\/div>\r\n                <div class=\"acc-content \">\r\n                    <div class=\"content\">\r\n                        <div class=\"text\">\nThere are many variations of passages the majority have suffered alteration in some fo injected humour, or randomised words believable.\n<\/div>\r\n                    <\/div>\r\n                <\/div>\r\n            <\/li>\r\n                        <\/ul>\r\n<\/div><!-- \/.faq-block -->\t\t\t\t<\/div>\n\t\t\t\t<\/div>\n\t\t\t\t\t<\/div>\n\t\t<\/div>\n\t\t\t\t\t<\/div>\n\t\t<\/section>\n\t\t\t\t\t<\/div>\n\t\t<\/div>\n\t\t\t\t\t<\/div>\n\t\t<\/section>\n\t\t\t\t<section class=\"elementor-section elementor-top-section elementor-element elementor-element-6be900b elementor-section-full_width elementor-section-height-default elementor-section-height-default\" data-id=\"6be900b\" data-element_type=\"section\">\n\t\t\t\t\t\t<div class=\"elementor-container elementor-column-gap-no\">\n\t\t\t\t\t<div class=\"elementor-column elementor-col-100 elementor-top-column elementor-element elementor-element-c2adc26\" data-id=\"c2adc26\" data-element_type=\"column\">\n\t\t\t<div class=\"elementor-widget-wrap elementor-element-populated\">\n\t\t\t\t\t\t<div class=\"elementor-element elementor-element-fade7bb elementor-widget elementor-widget-linoor-contact-form\" data-id=\"fade7bb\" data-element_type=\"widget\" data-widget_type=\"linoor-contact-form.default\">\n\t\t\t\t<div class=\"elementor-widget-container\">\n\t\t\t\t\t\r\n    <!--Get Quote Section-->\r\n    <section class=\"get-quote-three\">\r\n        <div class=\"auto-container\">\r\n                            <div class=\"sec-title centered\">\r\n                    <h2>Still stuck ask directly<span class=\"dot\">.<\/span><\/h2>\r\n                <\/div>\r\n                        <div class=\"form-box\">\r\n\r\n                <!-- loading form via plugin -->\r\n                                    \n<div class=\"wpcf7 no-js\" id=\"wpcf7-f124-o1\" lang=\"en-US\" dir=\"ltr\" data-wpcf7-id=\"124\">\n<div class=\"screen-reader-response\"><p role=\"status\" aria-live=\"polite\" aria-atomic=\"true\"><\/p> <ul><\/ul><\/div>\n<form action=\"\/es\/wp-json\/wp\/v2\/pages\/22128#wpcf7-f124-o1\" method=\"post\" class=\"wpcf7-form init\" aria-label=\"Contact form\" novalidate=\"novalidate\" data-status=\"init\">\n<fieldset class=\"hidden-fields-container\"><input type=\"hidden\" name=\"_wpcf7\" value=\"124\" \/><input type=\"hidden\" name=\"_wpcf7_version\" value=\"6.1.4\" \/><input type=\"hidden\" name=\"_wpcf7_locale\" value=\"en_US\" \/><input type=\"hidden\" name=\"_wpcf7_unit_tag\" value=\"wpcf7-f124-o1\" \/><input type=\"hidden\" name=\"_wpcf7_container_post\" value=\"0\" \/><input type=\"hidden\" name=\"_wpcf7_posted_data_hash\" value=\"\" \/>\n<\/fieldset>\n<div class=\"default-form\">\n\t<div id=\"contact-form\">\n\t\t<div class=\"row clearfix\">\n\t\t\t<div class=\"form-group col-lg-6 col-md-6 col-sm-12\">\n\t\t\t\t<div class=\"field-inner\">\n\t\t\t\t\t<p><span class=\"wpcf7-form-control-wrap\" data-name=\"your-name\"><input size=\"40\" maxlength=\"400\" class=\"wpcf7-form-control wpcf7-text wpcf7-validates-as-required\" aria-required=\"true\" aria-invalid=\"false\" placeholder=\"Nom complet\" value=\"\" type=\"text\" name=\"your-name\" \/><\/span>\n\t\t\t\t\t<\/p>\n\t\t\t\t<\/div>\n\t\t\t<\/div>\n\t\t\t<div class=\"form-group col-lg-6 col-md-6 col-sm-12\">\n\t\t\t\t<div class=\"field-inner\">\n\t\t\t\t\t<p><span class=\"wpcf7-form-control-wrap\" data-name=\"your-email\"><input size=\"40\" maxlength=\"400\" class=\"wpcf7-form-control wpcf7-email wpcf7-validates-as-required wpcf7-text wpcf7-validates-as-email\" aria-required=\"true\" aria-invalid=\"false\" placeholder=\"Email\" value=\"\" type=\"email\" name=\"your-email\" \/><\/span>\n\t\t\t\t\t<\/p>\n\t\t\t\t<\/div>\n\t\t\t<\/div>\n\t\t\t<div class=\"form-group col-lg-6 col-md-6 col-sm-12\">\n\t\t\t\t<div class=\"field-inner\">\n\t\t\t\t\t<p><span class=\"wpcf7-form-control-wrap\" data-name=\"your-phone\"><input size=\"40\" maxlength=\"400\" class=\"wpcf7-form-control wpcf7-text wpcf7-validates-as-required\" aria-required=\"true\" aria-invalid=\"false\" placeholder=\"Tel\u00e8fon\" value=\"\" type=\"text\" name=\"your-phone\" \/><\/span>\n\t\t\t\t\t<\/p>\n\t\t\t\t<\/div>\n\t\t\t<\/div>\n\t\t\t<div class=\"form-group col-lg-6 col-md-6 col-sm-12\">\n\t\t\t\t<div class=\"field-inner\">\n\t\t\t\t\t<p><span class=\"wpcf7-form-control-wrap\" data-name=\"your-subject\"><select class=\"wpcf7-form-control wpcf7-select wpcf7-validates-as-required\" aria-required=\"true\" aria-invalid=\"false\" name=\"your-subject\"><option value=\"Motiu\">Motiu<\/option><option value=\"Estrat\u00e8gia\">Estrat\u00e8gia<\/option><option value=\"S\u00f2cial M\u00e0rqueting\">S\u00f2cial M\u00e0rqueting<\/option><option value=\"Creaci\u00f3 visual\">Creaci\u00f3 visual<\/option><option value=\"Web\">Web<\/option><option value=\"Publicitat\">Publicitat<\/option><option value=\"Formaci\u00f3\">Formaci\u00f3<\/option><option value=\"Uneix-te a l&#039;squadra\">Uneix-te a l&#039;squadra<\/option><option value=\"Altres\">Altres<\/option><\/select><\/span>\n\t\t\t\t\t<\/p>\n\t\t\t\t<\/div>\n\t\t\t<\/div>\n\t\t\t<div class=\"form-group col-lg-12 col-md-12 col-sm-12\">\n\t\t\t\t<div class=\"field-inner\">\n\t\t\t\t\t<p><span class=\"wpcf7-form-control-wrap\" data-name=\"your-message\"><textarea cols=\"40\" rows=\"10\" maxlength=\"2000\" class=\"wpcf7-form-control wpcf7-textarea\" aria-invalid=\"false\" placeholder=\"Missatge\" name=\"your-message\"><\/textarea><\/span>\n\t\t\t\t\t<\/p>\n\t\t\t\t<\/div>\n\t\t\t<\/div>\n\n<!-- Checkbox obligatori -->\n\t\t\t<div class=\"form-group col-lg-12 col-md-12 col-sm-12\" style=\"margin-bottom:0;\">\n\t\t\t\t<p><label class=\"wpcf7-form-control-wrap pol\u00edtica\"><br \/>\n<input type=\"checkbox\" name=\"politica\" required \/><br \/>\nAccepto la <a href=\"\/politica-de-privacitat\" target=\"_blank\">Pol\u00edtica de privacitat<\/a>.<br \/>\n<\/label>\n\t\t\t\t<\/p>\n\t\t\t<\/div>\n\n<!-- Checkbox opcional -->\n\t\t\t<div class=\"form-group col-lg-12 col-md-12 col-sm-12\" style=\"margin-top:-20px; margin-bottom: 0px;\">\n\t\t\t\t<p><label class=\"wpcf7-form-control-wrap newsletter\"><br \/>\n<input type=\"checkbox\" name=\"newsletter\" \/><br \/>\nAccepto rebre informaci\u00f3 comercial, incloent-hi newsletters, enquestes, promocions i altres comunicacions relacionades amb els serveis de Romeu Prenafeta.<br \/>\n<\/label>\n\t\t\t\t<\/p>\n\t\t\t<\/div>\n\t\t\t<div style=\"font-size: 10px; margin-top: 0px; margin-bottom: 20px; color: #FFF;\">\n\t\t\t\t<p><strong style=\"color: #FFF;\">INFORMACI\u00d3 B\u00c0SICA SOBRE PROTECCI\u00d3 DE DADES<\/strong>\n\t\t\t\t<\/p>\n\t\t\t\t<p>Responsable del tractament: ROMEU YUSTE, S.L. Finalitat del tractament: Mantenir una relaci\u00f3 amb l'Usuari i, si ens autoritza, l'enviament de newsletters, comunicacions comercials i promocions. Legitimaci\u00f3 del tractament: Inter\u00e8s leg\u00edtim i consentiment de l'interessat\/da. Conservaci\u00f3 de les dades: Es conservaran durant el temps que hi hagi un inter\u00e8s mutu o durant el temps que sigui necessari per al compliment d'obligacions legals. Destinataris: Les dades s'emmagatzemen a \u200bCreativeKit i prestadors de serveis o col\u00b7laboradors. Drets: Dret a retirar el consentiment en qualsevol moment. Dret d'acc\u00e9s, rectificaci\u00f3, portabilitat i supressi\u00f3 de les seves dades i de la limitaci\u00f3 o oposici\u00f3 al seu tractament. Dades de contacte per exercir els teus drets: <a href=\"mailto:hola@romeuprenafeta.com\">hola@romeuprenafeta.com<\/a>. Informaci\u00f3 addicional: Podeu trobar m\u00e9s informaci\u00f3 a la nostra <a href=\"\/politica-de-privacitat\" target=\"_blank\">Pol\u00edtica de Privacitat<\/a>.\n\t\t\t\t<\/p>\n\t\t\t<\/div>\n\t\t\t<div class=\"form-group col-lg-12 col-md-12 col-sm-12\">\n\t\t\t\t<p><button type=\"submit\" class=\"theme-btn btn-style-one\"><br \/>\n<i class=\"btn-curve\"><\/i><span class=\"btn-title\"><strong>ENVIAR MISSATGE<\/strong><\/span><br \/>\n<\/button>\n\t\t\t\t<\/p>\n\t\t\t<\/div>\n\t\t<\/div>\n\t<\/div>\n<\/div><input type=\"hidden\" id=\"hostbox_recaptcha_nonce\" name=\"hostbox_recaptcha_nonce\" value=\"38e08ac15e\" \/><input type=\"hidden\" name=\"_wp_http_referer\" value=\"\/es\/wp-json\/wp\/v2\/pages\/22128\" \/><div class=\"g-recaptcha\" data-sitekey=\"6LdBrJYrAAAAAIJazm8AXyXE1fIK8FY4K1wuPG5v\"><\/div><p style=\"display: none !important;\" class=\"akismet-fields-container\" data-prefix=\"_wpcf7_ak_\"><label>&#916;<textarea name=\"_wpcf7_ak_hp_textarea\" cols=\"45\" rows=\"8\" maxlength=\"100\"><\/textarea><\/label><input type=\"hidden\" id=\"ak_js_1\" name=\"_wpcf7_ak_js\" value=\"86\"\/><script>document.getElementById( \"ak_js_1\" ).setAttribute( \"value\", ( new Date() ).getTime() );<\/script><\/p><div class=\"wpcf7-response-output\" aria-hidden=\"true\"><\/div>\n<\/form>\n<\/div>\n                \r\n            <\/div>\r\n        <\/div>\r\n    <\/section>\r\n\r\n\t\t\t\t<\/div>\n\t\t\t\t<\/div>\n\t\t\t\t\t<\/div>\n\t\t<\/div>\n\t\t\t\t\t<\/div>\n\t\t<\/section>\n\t\t\t\t<section class=\"elementor-section elementor-top-section elementor-element elementor-element-0433172 elementor-section-full_width elementor-section-height-default elementor-section-height-default\" data-id=\"0433172\" data-element_type=\"section\">\n\t\t\t\t\t\t<div class=\"elementor-container elementor-column-gap-no\">\n\t\t\t\t\t<div class=\"elementor-column elementor-col-100 elementor-top-column elementor-element elementor-element-758ec4c\" data-id=\"758ec4c\" data-element_type=\"column\">\n\t\t\t<div class=\"elementor-widget-wrap elementor-element-populated\">\n\t\t\t\t\t\t<div class=\"elementor-element elementor-element-0368fb1 elementor-widget elementor-widget-linoor-call-to-action\" data-id=\"0368fb1\" data-element_type=\"widget\" data-widget_type=\"linoor-call-to-action.default\">\n\t\t\t\t<div class=\"elementor-widget-container\">\n\t\t\t\t\t\r\n<!-- Call To Section -->\r\n<section class=\"call-to-section-two alternate\">\r\n    <div class=\"auto-container\">\r\n        <div class=\"inner clearfix\">\r\n            <h2>We\u2019re Ready to Bring Bigger <br>&amp; Stronger Projects<\/h2>\r\n            <div class=\"link-box\">\r\n                <a class=\"theme-btn btn-style-two\" href=\"https:\/\/linoorwp.pixydrops.com\/contact-us\/\">\r\n                    <i class=\"btn-curve\"><\/i>\r\n                    <span class=\"btn-title\">Contact with us<\/span>\r\n                <\/a>\r\n            <\/div>\r\n        <\/div>\r\n    <\/div>\r\n<\/section>\r\n\r\n\r\n\r\n\t\t\t\t<\/div>\n\t\t\t\t<\/div>\n\t\t\t\t\t<\/div>\n\t\t<\/div>\n\t\t\t\t\t<\/div>\n\t\t<\/section>\n\t\t\t\t<\/div>\n\t\t","protected":false},"excerpt":{"rendered":"<p>1. We help to create visual strategies There are many variations of passages the majority have suffered alteration in some fo injected humour, or randomised words believable. 2. Motion Graphics &amp; Animations There are many variations of passages the majority have suffered alteration in some fo injected humour, or randomised words believable. 3. What happend [&hellip;]<\/p>\n","protected":false},"author":1,"featured_media":0,"parent":0,"menu_order":0,"comment_status":"closed","ping_status":"closed","template":"elementor_header_footer","meta":{"footnotes":""},"class_list":["post-22128","page","type-page","status-publish","hentry"],"yoast_head":"<!-- This site is optimized with the Yoast SEO plugin v26.4 - https:\/\/yoast.com\/wordpress\/plugins\/seo\/ -->\n<title>Preguntas frecuentes | Romeu Prenafeta<\/title>\n<meta name=\"robots\" content=\"index, follow, max-snippet:-1, max-image-preview:large, max-video-preview:-1\" \/>\n<link rel=\"canonical\" href=\"https:\/\/romeuprenafeta.com\/es\/preguntas-frecuentes\/\" \/>\n<meta property=\"og:locale\" content=\"es_ES\" \/>\n<meta property=\"og:type\" content=\"article\" \/>\n<meta property=\"og:title\" content=\"Preguntas frecuentes | Romeu Prenafeta\" \/>\n<meta property=\"og:description\" content=\"1. We help to create visual strategies There are many variations of passages the majority have suffered alteration in some fo injected humour, or randomised words believable. 2. Motion Graphics &amp; Animations There are many variations of passages the majority have suffered alteration in some fo injected humour, or randomised words believable. 3. What happend [&hellip;]\" \/>\n<meta property=\"og:url\" content=\"https:\/\/romeuprenafeta.com\/es\/preguntas-frecuentes\/\" \/>\n<meta property=\"og:site_name\" content=\"Romeu Prenafeta\" \/>\n<meta property=\"article:publisher\" content=\"https:\/\/www.facebook.com\/romeuprenafeta\" \/>\n<meta property=\"article:modified_time\" content=\"2025-11-11T11:24:41+00:00\" \/>\n<meta name=\"twitter:card\" content=\"summary_large_image\" \/>\n<meta name=\"twitter:site\" content=\"@RomeuPrenafeta_\" \/>\n<meta name=\"twitter:label1\" content=\"Tiempo de lectura\" \/>\n\t<meta name=\"twitter:data1\" content=\"1 minuto\" \/>\n<script type=\"application\/ld+json\" class=\"yoast-schema-graph\">{\"@context\":\"https:\/\/schema.org\",\"@graph\":[{\"@type\":\"WebPage\",\"@id\":\"https:\/\/romeuprenafeta.com\/es\/preguntas-frecuentes\/\",\"url\":\"https:\/\/romeuprenafeta.com\/es\/preguntas-frecuentes\/\",\"name\":\"Preguntas frecuentes | Romeu Prenafeta\",\"isPartOf\":{\"@id\":\"https:\/\/romeuprenafeta.com\/es\/#website\"},\"datePublished\":\"2021-01-13T16:12:09+00:00\",\"dateModified\":\"2025-11-11T11:24:41+00:00\",\"breadcrumb\":{\"@id\":\"https:\/\/romeuprenafeta.com\/es\/preguntas-frecuentes\/#breadcrumb\"},\"inLanguage\":\"es\",\"potentialAction\":[{\"@type\":\"ReadAction\",\"target\":[\"https:\/\/romeuprenafeta.com\/es\/preguntas-frecuentes\/\"]}]},{\"@type\":\"BreadcrumbList\",\"@id\":\"https:\/\/romeuprenafeta.com\/es\/preguntas-frecuentes\/#breadcrumb\",\"itemListElement\":[{\"@type\":\"ListItem\",\"position\":1,\"name\":\"Inici\",\"item\":\"https:\/\/romeuprenafeta.com\/es\/romeu-prenafeta\/\"},{\"@type\":\"ListItem\",\"position\":2,\"name\":\"Preguntas frecuentes\"}]},{\"@type\":\"WebSite\",\"@id\":\"https:\/\/romeuprenafeta.com\/es\/#website\",\"url\":\"https:\/\/romeuprenafeta.com\/es\/\",\"name\":\"Romeu Prenafeta\",\"description\":\"\",\"publisher\":{\"@id\":\"https:\/\/romeuprenafeta.com\/es\/#organization\"},\"potentialAction\":[{\"@type\":\"SearchAction\",\"target\":{\"@type\":\"EntryPoint\",\"urlTemplate\":\"https:\/\/romeuprenafeta.com\/es\/?s={search_term_string}\"},\"query-input\":{\"@type\":\"PropertyValueSpecification\",\"valueRequired\":true,\"valueName\":\"search_term_string\"}}],\"inLanguage\":\"es\"},{\"@type\":\"Organization\",\"@id\":\"https:\/\/romeuprenafeta.com\/es\/#organization\",\"name\":\"Romeu Prenafeta\",\"url\":\"https:\/\/romeuprenafeta.com\/es\/\",\"logo\":{\"@type\":\"ImageObject\",\"inLanguage\":\"es\",\"@id\":\"https:\/\/romeuprenafeta.com\/es\/#\/schema\/logo\/image\/\",\"url\":\"https:\/\/romeuprenafeta.com\/wp-content\/uploads\/2025\/06\/cropped-RP_2024_Logo-blanc-verd-2.png\",\"contentUrl\":\"https:\/\/romeuprenafeta.com\/wp-content\/uploads\/2025\/06\/cropped-RP_2024_Logo-blanc-verd-2.png\",\"width\":2351,\"height\":1357,\"caption\":\"Romeu Prenafeta\"},\"image\":{\"@id\":\"https:\/\/romeuprenafeta.com\/es\/#\/schema\/logo\/image\/\"},\"sameAs\":[\"https:\/\/www.facebook.com\/romeuprenafeta\",\"https:\/\/x.com\/RomeuPrenafeta_\",\"https:\/\/www.linkedin.com\/company\/romeu-prenafeta\",\"https:\/\/www.instagram.com\/romeuprenafeta\",\"https:\/\/www.youtube.com\/channel\/UCIYJP_52XR_qaQxfrS7twOw\",\"https:\/\/www.tiktok.com\/@romeuprenafeta\"]}]}<\/script>\n<!-- \/ Yoast SEO plugin. -->","yoast_head_json":{"title":"Preguntas frecuentes | Romeu Prenafeta","robots":{"index":"index","follow":"follow","max-snippet":"max-snippet:-1","max-image-preview":"max-image-preview:large","max-video-preview":"max-video-preview:-1"},"canonical":"https:\/\/romeuprenafeta.com\/es\/preguntas-frecuentes\/","og_locale":"es_ES","og_type":"article","og_title":"Preguntas frecuentes | Romeu Prenafeta","og_description":"1. We help to create visual strategies There are many variations of passages the majority have suffered alteration in some fo injected humour, or randomised words believable. 2. Motion Graphics &amp; Animations There are many variations of passages the majority have suffered alteration in some fo injected humour, or randomised words believable. 3. What happend [&hellip;]","og_url":"https:\/\/romeuprenafeta.com\/es\/preguntas-frecuentes\/","og_site_name":"Romeu Prenafeta","article_publisher":"https:\/\/www.facebook.com\/romeuprenafeta","article_modified_time":"2025-11-11T11:24:41+00:00","twitter_card":"summary_large_image","twitter_site":"@RomeuPrenafeta_","twitter_misc":{"Tiempo de lectura":"1 minuto"},"schema":{"@context":"https:\/\/schema.org","@graph":[{"@type":"WebPage","@id":"https:\/\/romeuprenafeta.com\/es\/preguntas-frecuentes\/","url":"https:\/\/romeuprenafeta.com\/es\/preguntas-frecuentes\/","name":"Preguntas frecuentes | Romeu Prenafeta","isPartOf":{"@id":"https:\/\/romeuprenafeta.com\/es\/#website"},"datePublished":"2021-01-13T16:12:09+00:00","dateModified":"2025-11-11T11:24:41+00:00","breadcrumb":{"@id":"https:\/\/romeuprenafeta.com\/es\/preguntas-frecuentes\/#breadcrumb"},"inLanguage":"es","potentialAction":[{"@type":"ReadAction","target":["https:\/\/romeuprenafeta.com\/es\/preguntas-frecuentes\/"]}]},{"@type":"BreadcrumbList","@id":"https:\/\/romeuprenafeta.com\/es\/preguntas-frecuentes\/#breadcrumb","itemListElement":[{"@type":"ListItem","position":1,"name":"Inici","item":"https:\/\/romeuprenafeta.com\/es\/romeu-prenafeta\/"},{"@type":"ListItem","position":2,"name":"Preguntas frecuentes"}]},{"@type":"WebSite","@id":"https:\/\/romeuprenafeta.com\/es\/#website","url":"https:\/\/romeuprenafeta.com\/es\/","name":"Romeu Prenafeta","description":"","publisher":{"@id":"https:\/\/romeuprenafeta.com\/es\/#organization"},"potentialAction":[{"@type":"SearchAction","target":{"@type":"EntryPoint","urlTemplate":"https:\/\/romeuprenafeta.com\/es\/?s={search_term_string}"},"query-input":{"@type":"PropertyValueSpecification","valueRequired":true,"valueName":"search_term_string"}}],"inLanguage":"es"},{"@type":"Organization","@id":"https:\/\/romeuprenafeta.com\/es\/#organization","name":"Romeu Prenafeta","url":"https:\/\/romeuprenafeta.com\/es\/","logo":{"@type":"ImageObject","inLanguage":"es","@id":"https:\/\/romeuprenafeta.com\/es\/#\/schema\/logo\/image\/","url":"https:\/\/romeuprenafeta.com\/wp-content\/uploads\/2025\/06\/cropped-RP_2024_Logo-blanc-verd-2.png","contentUrl":"https:\/\/romeuprenafeta.com\/wp-content\/uploads\/2025\/06\/cropped-RP_2024_Logo-blanc-verd-2.png","width":2351,"height":1357,"caption":"Romeu Prenafeta"},"image":{"@id":"https:\/\/romeuprenafeta.com\/es\/#\/schema\/logo\/image\/"},"sameAs":["https:\/\/www.facebook.com\/romeuprenafeta","https:\/\/x.com\/RomeuPrenafeta_","https:\/\/www.linkedin.com\/company\/romeu-prenafeta","https:\/\/www.instagram.com\/romeuprenafeta","https:\/\/www.youtube.com\/channel\/UCIYJP_52XR_qaQxfrS7twOw","https:\/\/www.tiktok.com\/@romeuprenafeta"]}]}},"_links":{"self":[{"href":"https:\/\/romeuprenafeta.com\/es\/wp-json\/wp\/v2\/pages\/22128","targetHints":{"allow":["GET"]}}],"collection":[{"href":"https:\/\/romeuprenafeta.com\/es\/wp-json\/wp\/v2\/pages"}],"about":[{"href":"https:\/\/romeuprenafeta.com\/es\/wp-json\/wp\/v2\/types\/page"}],"author":[{"embeddable":true,"href":"https:\/\/romeuprenafeta.com\/es\/wp-json\/wp\/v2\/users\/1"}],"replies":[{"embeddable":true,"href":"https:\/\/romeuprenafeta.com\/es\/wp-json\/wp\/v2\/comments?post=22128"}],"version-history":[{"count":1,"href":"https:\/\/romeuprenafeta.com\/es\/wp-json\/wp\/v2\/pages\/22128\/revisions"}],"predecessor-version":[{"id":22129,"href":"https:\/\/romeuprenafeta.com\/es\/wp-json\/wp\/v2\/pages\/22128\/revisions\/22129"}],"wp:attachment":[{"href":"https:\/\/romeuprenafeta.com\/es\/wp-json\/wp\/v2\/media?parent=22128"}],"curies":[{"name":"wp","href":"https:\/\/api.w.org\/{rel}","templated":true}]}}