{"id":22105,"date":"2021-11-08T13:09:21","date_gmt":"2021-11-08T13:09:21","guid":{"rendered":"https:\/\/romeuprenafeta.com\/en-construccion\/"},"modified":"2025-11-11T11:15:17","modified_gmt":"2025-11-11T11:15:17","slug":"en-construccion","status":"publish","type":"page","link":"https:\/\/romeuprenafeta.com\/es\/en-construccion\/","title":{"rendered":"En construcci\u00f3n"},"content":{"rendered":"\t\t<div data-elementor-type=\"wp-page\" data-elementor-id=\"22105\" class=\"elementor elementor-22105 elementor-1649\" data-elementor-post-type=\"page\">\n\t\t\t\t\t\t<section class=\"elementor-section elementor-top-section elementor-element elementor-element-15727d2 elementor-section-full_width elementor-section-height-default elementor-section-height-default\" data-id=\"15727d2\" data-element_type=\"section\">\n\t\t\t\t\t\t<div class=\"elementor-container elementor-column-gap-no\">\n\t\t\t\t\t<div class=\"elementor-column elementor-col-100 elementor-top-column elementor-element elementor-element-f1e48e6\" data-id=\"f1e48e6\" data-element_type=\"column\">\n\t\t\t<div class=\"elementor-widget-wrap elementor-element-populated\">\n\t\t\t\t\t\t<div class=\"elementor-element elementor-element-63986e3 elementor-widget elementor-widget-linoor-coming-soon\" data-id=\"63986e3\" data-element_type=\"widget\" data-widget_type=\"linoor-coming-soon.default\">\n\t\t\t\t<div class=\"elementor-widget-container\">\n\t\t\t\t\t                <!-- Preloader -->\r\n        <div class=\"preloader\">\r\n            <div class=\"icon\"><\/div>\r\n        <\/div>\r\n    \r\n    <section class=\"under-construction\">\r\n        <div class=\"under-construction__bg\"\r\n            style=\"background-image: url(https:\/\/linoorwp.pixydrops.com\/wp-content\/uploads\/2021\/11\/under-construction-bg-1-1.png);\"><\/div>\r\n        <!-- \/.under-construction__bg -->\r\n        <div class=\"auto-container text-center\">\r\n            <div class=\"logo\"><a href=\"https:\/\/romeuprenafeta.com\/es\/\"><img decoding=\"async\"\r\n                        src=\"https:\/\/romeuprenafeta.com\/wp-content\/uploads\/2025\/01\/cropped-RP_favicon.png\" width=\"134\" height=\"34\"  id=\"dLogo\" class=\"main-logo\"\r\n                        alt=\"Romeu Prenafeta \"\r\n                        title=\"Romeu Prenafeta \"><\/a><\/div>\r\n\r\n                            <h3 class=\"under-construction__tagline\">El lloc web est\u00e0 en construcci\u00f3<\/h3>\r\n                                        <!-- \/.under-construction__tagline -->\r\n                <h2 class=\"under-construction__title\">El lloc web estar\u00e0 operatiu en:<\/h2><!-- \/.under-construction__title -->\r\n                                    <ul class=\"countdown-one__list under-construction__countdown list-unstyled\" data-leading-zeros=\"true\"\r\n\t\t\t\t\tdata-enable-days=\"false\" data-enable-years=\"\" data-deadline-date=\"dynamicHour\">\r\n\t\t\t\t\t<!-- loading via js -->\r\n\t\t\t\t<\/ul><!-- \/.countdown-one__list list-unstyled -->\r\n                             <p class=\"under-construction__text\">Visita&#039;ns a les nostres xarxes socials<\/p>\r\n                                        <!-- \/.under-construction__text -->\r\n                <div class=\"under-construction__social\">\r\n                                            <a href=\"https:\/\/www.facebook.com\/romeuprenafeta\" class=\"fab fa-facebook\"><\/a>\r\n                                            <a href=\"https:\/\/x.com\/RomeuPrenafeta_\" class=\"fab fa-twitter\"><\/a>\r\n                                            <a href=\"https:\/\/www.linkedin.com\/company\/romeu-prenafeta\" class=\"fab fa-linkedin-in\"><\/a>\r\n                                            <a href=\"https:\/\/www.instagram.com\/romeuprenafeta\/\" class=\"fab fa-instagram\"><\/a>\r\n                                            <a href=\"https:\/\/www.youtube.com\/channel\/UCIYJP_52XR_qaQxfrS7twOw\" class=\"fab fa-youtube\"><\/a>\r\n                    \r\n                <\/div><!-- \/.under-construction__social -->\r\n                    <\/div><!-- \/.auto-container -->\r\n    <\/section><!-- \/.under-construction -->\r\n\r\n\t\t\t\t<\/div>\n\t\t\t\t<\/div>\n\t\t\t\t\t<\/div>\n\t\t<\/div>\n\t\t\t\t\t<\/div>\n\t\t<\/section>\n\t\t\t\t<\/div>\n\t\t","protected":false},"excerpt":{"rendered":"<p>El lloc web est\u00e0 en construcci\u00f3 El lloc web estar\u00e0 operatiu en: Visita&#039;ns a les nostres xarxes socials<\/p>\n","protected":false},"author":1,"featured_media":0,"parent":0,"menu_order":0,"comment_status":"closed","ping_status":"closed","template":"elementor_canvas","meta":{"footnotes":""},"class_list":["post-22105","page","type-page","status-publish","hentry"],"yoast_head":"<!-- This site is optimized with the Yoast SEO plugin v26.4 - https:\/\/yoast.com\/wordpress\/plugins\/seo\/ -->\n<title>En construcci\u00f3n | Romeu Prenafeta<\/title>\n<meta name=\"robots\" content=\"index, follow, max-snippet:-1, max-image-preview:large, max-video-preview:-1\" \/>\n<link rel=\"canonical\" href=\"https:\/\/romeuprenafeta.com\/es\/en-construccion\/\" \/>\n<meta property=\"og:locale\" content=\"es_ES\" \/>\n<meta property=\"og:type\" content=\"article\" \/>\n<meta property=\"og:title\" content=\"En construcci\u00f3n | Romeu Prenafeta\" \/>\n<meta property=\"og:description\" content=\"El lloc web est\u00e0 en construcci\u00f3 El lloc web estar\u00e0 operatiu en: Visita&#039;ns a les nostres xarxes socials\" \/>\n<meta property=\"og:url\" content=\"https:\/\/romeuprenafeta.com\/es\/en-construccion\/\" \/>\n<meta property=\"og:site_name\" content=\"Romeu Prenafeta\" \/>\n<meta property=\"article:publisher\" content=\"https:\/\/www.facebook.com\/romeuprenafeta\" \/>\n<meta property=\"article:modified_time\" content=\"2025-11-11T11:15:17+00:00\" \/>\n<meta name=\"twitter:card\" content=\"summary_large_image\" \/>\n<meta name=\"twitter:site\" content=\"@RomeuPrenafeta_\" \/>\n<script type=\"application\/ld+json\" class=\"yoast-schema-graph\">{\"@context\":\"https:\/\/schema.org\",\"@graph\":[{\"@type\":\"WebPage\",\"@id\":\"https:\/\/romeuprenafeta.com\/es\/en-construccion\/\",\"url\":\"https:\/\/romeuprenafeta.com\/es\/en-construccion\/\",\"name\":\"En construcci\u00f3n | Romeu Prenafeta\",\"isPartOf\":{\"@id\":\"https:\/\/romeuprenafeta.com\/es\/#website\"},\"datePublished\":\"2021-11-08T13:09:21+00:00\",\"dateModified\":\"2025-11-11T11:15:17+00:00\",\"breadcrumb\":{\"@id\":\"https:\/\/romeuprenafeta.com\/es\/en-construccion\/#breadcrumb\"},\"inLanguage\":\"es\",\"potentialAction\":[{\"@type\":\"ReadAction\",\"target\":[\"https:\/\/romeuprenafeta.com\/es\/en-construccion\/\"]}]},{\"@type\":\"BreadcrumbList\",\"@id\":\"https:\/\/romeuprenafeta.com\/es\/en-construccion\/#breadcrumb\",\"itemListElement\":[{\"@type\":\"ListItem\",\"position\":1,\"name\":\"Inici\",\"item\":\"https:\/\/romeuprenafeta.com\/es\/romeu-prenafeta\/\"},{\"@type\":\"ListItem\",\"position\":2,\"name\":\"En construcci\u00f3n\"}]},{\"@type\":\"WebSite\",\"@id\":\"https:\/\/romeuprenafeta.com\/es\/#website\",\"url\":\"https:\/\/romeuprenafeta.com\/es\/\",\"name\":\"Romeu Prenafeta\",\"description\":\"\",\"publisher\":{\"@id\":\"https:\/\/romeuprenafeta.com\/es\/#organization\"},\"potentialAction\":[{\"@type\":\"SearchAction\",\"target\":{\"@type\":\"EntryPoint\",\"urlTemplate\":\"https:\/\/romeuprenafeta.com\/es\/?s={search_term_string}\"},\"query-input\":{\"@type\":\"PropertyValueSpecification\",\"valueRequired\":true,\"valueName\":\"search_term_string\"}}],\"inLanguage\":\"es\"},{\"@type\":\"Organization\",\"@id\":\"https:\/\/romeuprenafeta.com\/es\/#organization\",\"name\":\"Romeu Prenafeta\",\"url\":\"https:\/\/romeuprenafeta.com\/es\/\",\"logo\":{\"@type\":\"ImageObject\",\"inLanguage\":\"es\",\"@id\":\"https:\/\/romeuprenafeta.com\/es\/#\/schema\/logo\/image\/\",\"url\":\"https:\/\/romeuprenafeta.com\/wp-content\/uploads\/2025\/06\/cropped-RP_2024_Logo-blanc-verd-2.png\",\"contentUrl\":\"https:\/\/romeuprenafeta.com\/wp-content\/uploads\/2025\/06\/cropped-RP_2024_Logo-blanc-verd-2.png\",\"width\":2351,\"height\":1357,\"caption\":\"Romeu Prenafeta\"},\"image\":{\"@id\":\"https:\/\/romeuprenafeta.com\/es\/#\/schema\/logo\/image\/\"},\"sameAs\":[\"https:\/\/www.facebook.com\/romeuprenafeta\",\"https:\/\/x.com\/RomeuPrenafeta_\",\"https:\/\/www.linkedin.com\/company\/romeu-prenafeta\",\"https:\/\/www.instagram.com\/romeuprenafeta\",\"https:\/\/www.youtube.com\/channel\/UCIYJP_52XR_qaQxfrS7twOw\",\"https:\/\/www.tiktok.com\/@romeuprenafeta\"]}]}<\/script>\n<!-- \/ Yoast SEO plugin. -->","yoast_head_json":{"title":"En construcci\u00f3n | Romeu Prenafeta","robots":{"index":"index","follow":"follow","max-snippet":"max-snippet:-1","max-image-preview":"max-image-preview:large","max-video-preview":"max-video-preview:-1"},"canonical":"https:\/\/romeuprenafeta.com\/es\/en-construccion\/","og_locale":"es_ES","og_type":"article","og_title":"En construcci\u00f3n | Romeu Prenafeta","og_description":"El lloc web est\u00e0 en construcci\u00f3 El lloc web estar\u00e0 operatiu en: Visita&#039;ns a les nostres xarxes socials","og_url":"https:\/\/romeuprenafeta.com\/es\/en-construccion\/","og_site_name":"Romeu Prenafeta","article_publisher":"https:\/\/www.facebook.com\/romeuprenafeta","article_modified_time":"2025-11-11T11:15:17+00:00","twitter_card":"summary_large_image","twitter_site":"@RomeuPrenafeta_","schema":{"@context":"https:\/\/schema.org","@graph":[{"@type":"WebPage","@id":"https:\/\/romeuprenafeta.com\/es\/en-construccion\/","url":"https:\/\/romeuprenafeta.com\/es\/en-construccion\/","name":"En construcci\u00f3n | Romeu Prenafeta","isPartOf":{"@id":"https:\/\/romeuprenafeta.com\/es\/#website"},"datePublished":"2021-11-08T13:09:21+00:00","dateModified":"2025-11-11T11:15:17+00:00","breadcrumb":{"@id":"https:\/\/romeuprenafeta.com\/es\/en-construccion\/#breadcrumb"},"inLanguage":"es","potentialAction":[{"@type":"ReadAction","target":["https:\/\/romeuprenafeta.com\/es\/en-construccion\/"]}]},{"@type":"BreadcrumbList","@id":"https:\/\/romeuprenafeta.com\/es\/en-construccion\/#breadcrumb","itemListElement":[{"@type":"ListItem","position":1,"name":"Inici","item":"https:\/\/romeuprenafeta.com\/es\/romeu-prenafeta\/"},{"@type":"ListItem","position":2,"name":"En construcci\u00f3n"}]},{"@type":"WebSite","@id":"https:\/\/romeuprenafeta.com\/es\/#website","url":"https:\/\/romeuprenafeta.com\/es\/","name":"Romeu Prenafeta","description":"","publisher":{"@id":"https:\/\/romeuprenafeta.com\/es\/#organization"},"potentialAction":[{"@type":"SearchAction","target":{"@type":"EntryPoint","urlTemplate":"https:\/\/romeuprenafeta.com\/es\/?s={search_term_string}"},"query-input":{"@type":"PropertyValueSpecification","valueRequired":true,"valueName":"search_term_string"}}],"inLanguage":"es"},{"@type":"Organization","@id":"https:\/\/romeuprenafeta.com\/es\/#organization","name":"Romeu Prenafeta","url":"https:\/\/romeuprenafeta.com\/es\/","logo":{"@type":"ImageObject","inLanguage":"es","@id":"https:\/\/romeuprenafeta.com\/es\/#\/schema\/logo\/image\/","url":"https:\/\/romeuprenafeta.com\/wp-content\/uploads\/2025\/06\/cropped-RP_2024_Logo-blanc-verd-2.png","contentUrl":"https:\/\/romeuprenafeta.com\/wp-content\/uploads\/2025\/06\/cropped-RP_2024_Logo-blanc-verd-2.png","width":2351,"height":1357,"caption":"Romeu Prenafeta"},"image":{"@id":"https:\/\/romeuprenafeta.com\/es\/#\/schema\/logo\/image\/"},"sameAs":["https:\/\/www.facebook.com\/romeuprenafeta","https:\/\/x.com\/RomeuPrenafeta_","https:\/\/www.linkedin.com\/company\/romeu-prenafeta","https:\/\/www.instagram.com\/romeuprenafeta","https:\/\/www.youtube.com\/channel\/UCIYJP_52XR_qaQxfrS7twOw","https:\/\/www.tiktok.com\/@romeuprenafeta"]}]}},"_links":{"self":[{"href":"https:\/\/romeuprenafeta.com\/es\/wp-json\/wp\/v2\/pages\/22105","targetHints":{"allow":["GET"]}}],"collection":[{"href":"https:\/\/romeuprenafeta.com\/es\/wp-json\/wp\/v2\/pages"}],"about":[{"href":"https:\/\/romeuprenafeta.com\/es\/wp-json\/wp\/v2\/types\/page"}],"author":[{"embeddable":true,"href":"https:\/\/romeuprenafeta.com\/es\/wp-json\/wp\/v2\/users\/1"}],"replies":[{"embeddable":true,"href":"https:\/\/romeuprenafeta.com\/es\/wp-json\/wp\/v2\/comments?post=22105"}],"version-history":[{"count":1,"href":"https:\/\/romeuprenafeta.com\/es\/wp-json\/wp\/v2\/pages\/22105\/revisions"}],"predecessor-version":[{"id":22106,"href":"https:\/\/romeuprenafeta.com\/es\/wp-json\/wp\/v2\/pages\/22105\/revisions\/22106"}],"wp:attachment":[{"href":"https:\/\/romeuprenafeta.com\/es\/wp-json\/wp\/v2\/media?parent=22105"}],"curies":[{"name":"wp","href":"https:\/\/api.w.org\/{rel}","templated":true}]}}