{"id":16994,"date":"2025-05-15T11:46:40","date_gmt":"2025-05-15T11:46:40","guid":{"rendered":"https:\/\/nueva.romeuprenafeta.com\/politica-de-cookies\/"},"modified":"2025-11-11T10:28:27","modified_gmt":"2025-11-11T10:28:27","slug":"politica-de-cookies","status":"publish","type":"page","link":"https:\/\/romeuprenafeta.com\/es\/politica-de-cookies\/","title":{"rendered":"Pol\u00edtica de cookies"},"content":{"rendered":"\t\t<div data-elementor-type=\"wp-page\" data-elementor-id=\"16994\" class=\"elementor elementor-16994 elementor-15433\" data-elementor-post-type=\"page\">\n\t\t\t\t<div class=\"elementor-element elementor-element-412de9a e-flex e-con-boxed e-con e-parent\" data-id=\"412de9a\" data-element_type=\"container\">\n\t\t\t\t\t<div class=\"e-con-inner\">\n\t\t\t\t<div class=\"elementor-element elementor-element-b37eb44 elementor-widget elementor-widget-text-editor\" data-id=\"b37eb44\" data-element_type=\"widget\" data-widget_type=\"text-editor.default\">\n\t\t\t\t<div class=\"elementor-widget-container\">\n\t\t\t\t\t\t\t\t\t<p>Este sitio web utiliza cookies propias y de terceros para ofrecerle una mejor experiencia y servicio. Al navegar o utilizar nuestros servicios, el usuario acepta el uso que hacemos de las cookies. No obstante, el usuario tiene la opci\u00f3n de impedir la generaci\u00f3n de cookies y de eliminar las cookies.  <\/p>\t\t\t\t\t\t\t\t<\/div>\n\t\t\t\t<\/div>\n\t\t\t\t<div class=\"elementor-element elementor-element-4ada372 elementor-widget elementor-widget-heading\" data-id=\"4ada372\" data-element_type=\"widget\" data-widget_type=\"heading.default\">\n\t\t\t\t<div class=\"elementor-widget-container\">\n\t\t\t\t\t<h2 class=\"elementor-heading-title elementor-size-default\">\u00bfQU\u00c9 ES UNA COOKIE?<\/h2>\t\t\t\t<\/div>\n\t\t\t\t<\/div>\n\t\t\t\t<div class=\"elementor-element elementor-element-32d6b96 elementor-widget elementor-widget-text-editor\" data-id=\"32d6b96\" data-element_type=\"widget\" data-widget_type=\"text-editor.default\">\n\t\t\t\t<div class=\"elementor-widget-container\">\n\t\t\t\t\t\t\t\t\t<p>Una cookie es un peque\u00f1o fragmento de texto que los sitios web env\u00edan al navegador y que se almacenan en el terminal del usuario, el cual puede ser un ordenador personal, un tel\u00e9fono m\u00f3vil, una tableta, etc. Estos archivos permiten que el sitio web recuerde informaci\u00f3n sobre su visita, como el idioma y las opciones preferidas, lo que puede facilitar su pr\u00f3xima visita y hacer que el sitio resulte m\u00e1s \u00fatil al personalizar el contenido. Las cookies desempe\u00f1an un papel muy importante al mejorar la experiencia de uso de la web.  <\/p>\t\t\t\t\t\t\t\t<\/div>\n\t\t\t\t<\/div>\n\t\t\t\t<div class=\"elementor-element elementor-element-b1df8d0 elementor-widget elementor-widget-heading\" data-id=\"b1df8d0\" data-element_type=\"widget\" data-widget_type=\"heading.default\">\n\t\t\t\t<div class=\"elementor-widget-container\">\n\t\t\t\t\t<h2 class=\"elementor-heading-title elementor-size-default\">TIPOS DE COOKIES\n<\/h2>\t\t\t\t<\/div>\n\t\t\t\t<\/div>\n\t\t\t\t<div class=\"elementor-element elementor-element-72be281 elementor-widget elementor-widget-text-editor\" data-id=\"72be281\" data-element_type=\"widget\" data-widget_type=\"text-editor.default\">\n\t\t\t\t<div class=\"elementor-widget-container\">\n\t\t\t\t\t\t\t\t\t<p>Seg\u00fan la entidad que las gestione, las cookies pueden ser:<\/p>\t\t\t\t\t\t\t\t<\/div>\n\t\t\t\t<\/div>\n\t\t\t\t<div class=\"elementor-element elementor-element-3f333e5 elementor-widget elementor-widget-text-editor\" data-id=\"3f333e5\" data-element_type=\"widget\" data-widget_type=\"text-editor.default\">\n\t\t\t\t<div class=\"elementor-widget-container\">\n\t\t\t\t\t\t\t\t\t<ul><li><strong>Cookies propias<\/strong>: Son aquellas que se env\u00edan al equipo terminal del interesado desde un equipo o dominio gestionado por el propio editor y desde el cual se presta el servicio solicitado por el usuario.<\/li><li><strong>Cookies de terceros:<\/strong> Son aquellas que se env\u00edan al equipo terminal del usuario desde un equipo o dominio que no es gestionado por el editor, sino por otra entidad que trata los datos obtenidos a trav\u00e9s de las cookies.<\/li><\/ul>\t\t\t\t\t\t\t\t<\/div>\n\t\t\t\t<\/div>\n\t\t\t\t<div class=\"elementor-element elementor-element-a3e92bc elementor-widget elementor-widget-text-editor\" data-id=\"a3e92bc\" data-element_type=\"widget\" data-widget_type=\"text-editor.default\">\n\t\t\t\t<div class=\"elementor-widget-container\">\n\t\t\t\t\t\t\t\t\t<p>Seg\u00fan el per\u00edodo de tiempo que permanecen activadas:<\/p>\t\t\t\t\t\t\t\t<\/div>\n\t\t\t\t<\/div>\n\t\t\t\t<div class=\"elementor-element elementor-element-39f3d8f elementor-widget elementor-widget-text-editor\" data-id=\"39f3d8f\" data-element_type=\"widget\" data-widget_type=\"text-editor.default\">\n\t\t\t\t<div class=\"elementor-widget-container\">\n\t\t\t\t\t\t\t\t\t<ul><li><strong>Cookies de sesi\u00f3n:<\/strong> Son un tipo de cookies dise\u00f1adas para recoger y almacenar datos mientras el usuario accede a una p\u00e1gina web. Suelen utilizarse para almacenar informaci\u00f3n que solo interesa conservar para la prestaci\u00f3n del servicio solicitado por el usuario en una sola ocasi\u00f3n. <\/li><li><strong>Cookies persistentes:<\/strong> Son un tipo de cookies en las que los datos permanecen almacenados en el terminal y pueden ser accedidos y tratados durante un per\u00edodo definido por el responsable de la cookie, que puede ir desde unos minutos hasta varios a\u00f1os.<\/li><\/ul>\t\t\t\t\t\t\t\t<\/div>\n\t\t\t\t<\/div>\n\t\t\t\t<div class=\"elementor-element elementor-element-cf69c73 elementor-widget elementor-widget-text-editor\" data-id=\"cf69c73\" data-element_type=\"widget\" data-widget_type=\"text-editor.default\">\n\t\t\t\t<div class=\"elementor-widget-container\">\n\t\t\t\t\t\t\t\t\t<p>Seg\u00fan la finalidad para la que se traten los datos obtenidos a trav\u00e9s de las cookies, la web puede utilizar:<\/p>\t\t\t\t\t\t\t\t<\/div>\n\t\t\t\t<\/div>\n\t\t\t\t<div class=\"elementor-element elementor-element-ca64ce1 elementor-widget elementor-widget-text-editor\" data-id=\"ca64ce1\" data-element_type=\"widget\" data-widget_type=\"text-editor.default\">\n\t\t\t\t<div class=\"elementor-widget-container\">\n\t\t\t\t\t\t\t\t\t<p><strong><em>Cookies t\u00e9cnicas <\/em><\/strong>\u2013 Son aquellas que permiten al usuario la navegaci\u00f3n a trav\u00e9s de la p\u00e1gina web o aplicaci\u00f3n y la utilizaci\u00f3n de las diferentes opciones o servicios que existen en ella. Por ejemplo, controlar el tr\u00e1fico y la comunicaci\u00f3n de datos, identificar la sesi\u00f3n, acceder a las partes de acceso restringido del sitio web, recordar los elementos que integran un pedido, realizar la solicitud de inscripci\u00f3n o participaci\u00f3n en un evento, utilizar elementos de seguridad durante la navegaci\u00f3n y almacenar contenidos para la difusi\u00f3n de v\u00eddeos o sonido. <\/p><p><strong><em>Cookies de personalizaci\u00f3n<\/em><\/strong> \u2013 Son aquellas que permiten al usuario acceder al servicio con algunas caracter\u00edsticas de car\u00e1cter general predefinidas en su terminal o que el propio usuario defina. Por ejemplo, el idioma, el tipo de navegador a trav\u00e9s del cual accede al servicio, el dise\u00f1o de contenidos seleccionado, la geolocalizaci\u00f3n del terminal y la configuraci\u00f3n regional desde donde se accede al servicio. <\/p><p><strong><em>Cookies publicitarias <\/em><\/strong>\u2013 Son aquellas que permiten la gesti\u00f3n eficaz de los espacios publicitarios que se hayan incluido en la p\u00e1gina web o aplicaci\u00f3n desde la que se presta el servicio. Permiten adecuar el contenido de la publicidad para que esta sea relevante para el usuario y evitar mostrar anuncios que el usuario ya haya visto. <\/p><p><strong><em>Cookies de an\u00e1lisis estad\u00edstico <\/em><\/strong>\u2013 Son aquellas que permiten realizar el seguimiento y an\u00e1lisis del comportamiento de los usuarios en los sitios web. La informaci\u00f3n recopilada mediante este tipo de cookies se utiliza para medir la actividad de los sitios web, la aplicaci\u00f3n o la plataforma, y para elaborar perfiles de navegaci\u00f3n de los usuarios de dichos sitios, con el fin de introducir mejoras en el servicio en funci\u00f3n de los datos de uso que hacen los usuarios. <\/p>\t\t\t\t\t\t\t\t<\/div>\n\t\t\t\t<\/div>\n\t\t\t\t<div class=\"elementor-element elementor-element-132ead4 elementor-widget elementor-widget-text-editor\" data-id=\"132ead4\" data-element_type=\"widget\" data-widget_type=\"text-editor.default\">\n\t\t\t\t<div class=\"elementor-widget-container\">\n\t\t\t\t\t\t\t\t\t<p><strong>Las cookies utilizadas en este sitio web pueden visualizarse en el <em><u>panel de configuraci\u00f3n<\/u><\/em> y ajustar su configuraci\u00f3n en cualquier momento.<\/strong><\/p>\t\t\t\t\t\t\t\t<\/div>\n\t\t\t\t<\/div>\n\t\t\t\t<div class=\"elementor-element elementor-element-37d2bcf elementor-widget elementor-widget-text-editor\" data-id=\"37d2bcf\" data-element_type=\"widget\" data-widget_type=\"text-editor.default\">\n\t\t\t\t<div class=\"elementor-widget-container\">\n\t\t\t\t\t\t\t\t\t<p><strong>La identificaci\u00f3n de qui\u00e9n utiliza las cookies, el tipo de cookies utilizadas y otros detalles<\/strong>, se indican a continuaci\u00f3n:<\/p>\t\t\t\t\t\t\t\t<\/div>\n\t\t\t\t<\/div>\n\t\t\t\t<div class=\"elementor-element elementor-element-a6f9e76 elementor-widget elementor-widget-text-editor\" data-id=\"a6f9e76\" data-element_type=\"widget\" data-widget_type=\"text-editor.default\">\n\t\t\t\t<div class=\"elementor-widget-container\">\n\t\t\t\t\t\t\t\t\t<p>Relaci\u00f3n de cookies utilizadas:<\/p>\t\t\t\t\t\t\t\t<\/div>\n\t\t\t\t<\/div>\n\t\t\t\t<div class=\"elementor-element elementor-element-e35dcbc elementor-widget elementor-widget-text-editor\" data-id=\"e35dcbc\" data-element_type=\"widget\" data-widget_type=\"text-editor.default\">\n\t\t\t\t<div class=\"elementor-widget-container\">\n\t\t\t\t\t\t\t\t\t<table width=\"1263\"><tbody><tr><td width=\"104\"><strong>Finalidad<\/strong><\/td><td width=\"91\"><strong>Nombre de la Cookie<\/strong><\/td><td width=\"98\"><strong>Propiedad<\/strong><\/td><td width=\"132\"><strong>Descripci\u00f3n<\/strong><\/td><td width=\"85\"><strong>Tiempo de conservaci\u00f3n<\/strong><\/td><td width=\"99\"><strong>REQUIERE CONSENTIMIENTO<\/strong><\/td><\/tr><tr><td width=\"104\">Necesaria<\/td><td width=\"91\">PHPSESSID<\/td><td width=\"98\">PHP<\/td><td width=\"132\">Esta cookie es nativa de las aplicaciones PHP. La cookie almacena e identifica el identificador de sesi\u00f3n \u00fanico de un usuario para gestionar las sesiones de usuario en el sitio web. Es una cookie de sesi\u00f3n y se eliminar\u00e1 cuando se cierren todas las ventanas del navegador.  <\/td><td width=\"85\">Sessi\u00f3<\/td><td width=\"99\">SI<\/td><\/tr><tr><td width=\"104\">Anal\u00edtica<\/td><td width=\"91\">_ga_*<\/td><td width=\"98\">Google Analytics<\/td><td width=\"132\">Google Analytics configura esta cookie para almacenar y contar las p\u00e1ginas vistas.<\/td><td width=\"85\">1 a\u00f1o, 1 mes y 4 d\u00edas<\/td><td width=\"99\">SI<\/td><\/tr><tr><td width=\"104\">Anal\u00edtica<\/td><td width=\"91\">_ga<\/td><td width=\"98\">Google Analytics<\/td><td width=\"132\">Google Analytics establece esta cookie para calcular los datos de visitantes, sesiones y campa\u00f1as, y para hacer un seguimiento del uso del sitio con fines de elaboraci\u00f3n de informes anal\u00edticos. La cookie almacena informaci\u00f3n de forma an\u00f3nima y asigna un n\u00famero generado aleatoriamente para reconocer a los visitantes \u00fanicos. <\/td><td width=\"85\">1 a\u00f1o, 1 mes y 4 d\u00edas<\/td><td width=\"99\">SI<\/td><\/tr><tr><td width=\"104\">Anal\u00edtica<\/td><td width=\"91\">_gcl_au<\/td><td width=\"98\">Google Tag Manager<\/td><td width=\"132\">Google Tag Manager configura la cookie para experimentar la eficacia de la publicidad de los sitios web que utilizan sus servicios.<\/td><td width=\"85\">3 meses<\/td><td width=\"99\">SI<\/td><\/tr><tr><td width=\"104\">Anal\u00edtica<\/td><td width=\"91\">_gid<\/td><td width=\"98\">Google Analytics<\/td><td width=\"132\">Google Analytics configura esta cookie para almacenar informaci\u00f3n sobre c\u00f3mo los visitantes utilizan un sitio web, al tiempo que crea un informe anal\u00edtico sobre el rendimiento del sitio. Algunos de los datos recopilados incluyen el n\u00famero de visitantes, su procedencia y las p\u00e1ginas que visitan, todo ello de forma an\u00f3nima. <\/td><td width=\"85\">1 d\u00eda<\/td><td width=\"99\">SI<\/td><\/tr><tr><td width=\"104\">Rendimiento<\/td><td width=\"91\">_gat<\/td><td width=\"98\">Google Universal Analytics<\/td><td width=\"132\">Google Universal Analytics establece esta cookie para restringir la tasa de solicitudes y, por lo tanto, limitar la recopilaci\u00f3n de datos en sitios de alto tr\u00e1fico.<\/td><td width=\"85\">1 minuto<\/td><td width=\"99\">SI<\/td><\/tr><tr><td width=\"104\">Anal\u00edtica<\/td><td width=\"91\">_fbp<\/td><td width=\"98\">Facebook<\/td><td width=\"132\">Facebook establece esta cookie para mostrar anuncios tanto en Facebook como en otras plataformas digitales impulsadas por la publicidad de Facebook, despu\u00e9s de que el usuario haya visitado el sitio web.<\/td><td width=\"85\">3 meses<\/td><td width=\"99\">SI<\/td><\/tr><tr><td width=\"104\">Anal\u00edtica<\/td><td width=\"91\">_ga_D485WWSJ55<\/td><td width=\"98\">Google Analytics<\/td><td width=\"132\">Utilitzado por Google Analytics por mantener el estado de la session.<\/td><td width=\"85\"> <\/td><td width=\"99\">SI<\/td><\/tr><\/tbody><\/table>\t\t\t\t\t\t\t\t<\/div>\n\t\t\t\t<\/div>\n\t\t\t\t<div class=\"elementor-element elementor-element-17a1c16 elementor-widget elementor-widget-text-editor\" data-id=\"17a1c16\" data-element_type=\"widget\" data-widget_type=\"text-editor.default\">\n\t\t\t\t<div class=\"elementor-widget-container\">\n\t\t\t\t\t\t\t\t\t<p><strong>Puede informarse sobre las transferencias a terceros pa\u00edses que, en su caso, realizan los terceros identificados en esta pol\u00edtica de cookies en sus correspondientes pol\u00edticas (consulte los enlaces facilitados en el apartado \u201cM\u00e1s informaci\u00f3n\u201d de la tabla anterior).<\/strong><\/p>\t\t\t\t\t\t\t\t<\/div>\n\t\t\t\t<\/div>\n\t\t\t\t<div class=\"elementor-element elementor-element-e8e1274 elementor-widget elementor-widget-heading\" data-id=\"e8e1274\" data-element_type=\"widget\" data-widget_type=\"heading.default\">\n\t\t\t\t<div class=\"elementor-widget-container\">\n\t\t\t\t\t<h2 class=\"elementor-heading-title elementor-size-default\">\u00bfC\u00d3MO ADMINISTRAR LAS COOKIES EN EL NAVEGADOR?\n<\/h2>\t\t\t\t<\/div>\n\t\t\t\t<\/div>\n\t\t\t\t<div class=\"elementor-element elementor-element-9260104 elementor-widget elementor-widget-text-editor\" data-id=\"9260104\" data-element_type=\"widget\" data-widget_type=\"text-editor.default\">\n\t\t\t\t<div class=\"elementor-widget-container\">\n\t\t\t\t\t\t\t\t\t<p>El usuario tiene la opci\u00f3n de permitir, bloquear o eliminar las cookies instaladas en su equipo mediante la configuraci\u00f3n de las opciones del navegador instalado en su terminal:<\/p>\t\t\t\t\t\t\t\t<\/div>\n\t\t\t\t<\/div>\n\t\t\t\t<div class=\"elementor-element elementor-element-ddc8d59 elementor-widget elementor-widget-text-editor\" data-id=\"ddc8d59\" data-element_type=\"widget\" data-widget_type=\"text-editor.default\">\n\t\t\t\t<div class=\"elementor-widget-container\">\n\t\t\t\t\t\t\t\t\t<ul><li><strong>Firefox<\/strong>: <a href=\"http:\/\/support.mozilla.org\/es\/kb\/habilitar-y-deshabilitar-cookies-que-los-sitios-we\" target=\"_blank\" rel=\"noopener\">http:\/\/support.mozilla.org\/es\/kb\/habilitar-y-deshabilitar-cookies-que-los-sitios-we<\/a><\/li><\/ul><ul><li><strong>Chrome<\/strong>: <a href=\"http:\/\/support.google.com\/chrome\/bin\/answer.py?hl=es&amp;answer=95647\" target=\"_blank\" rel=\"noopener\">http:\/\/support.google.com\/chrome\/bin\/answer.py?hl=es&amp;answer=95647<\/a><\/li><\/ul><ul><li><strong>Internet Explorer<\/strong>: <a href=\"https:\/\/support.microsoft.com\/es-es\/help\/278835\/how-to-delete-cookie-files-in-internet-explorer\" target=\"_blank\" rel=\"noopener\">https:\/\/support.microsoft.com\/es-es\/help\/278835\/how-to-delete-cookie-files-in-internet-explorer<\/a><\/li><\/ul><ul><li><strong>Microsoft Edge: <\/strong><a href=\"https:\/\/support.microsoft.com\/es-es\/help\/4468242\/microsoft-edge-browsing-data-and-privacy-microsoft-privacy\" target=\"_blank\" rel=\"noopener\">https:\/\/support.microsoft.com\/es-es\/help\/4468242\/microsoft-edge-browsing-data-and-privacy-microsoft-privacy<\/a><\/li><\/ul><ul><li><strong>Safari<\/strong>: <a href=\"http:\/\/support.apple.com\/kb\/ph5042\" target=\"_blank\" rel=\"noopener\">http:\/\/support.apple.com\/kb\/ph5042<\/a><\/li><\/ul><ul><li><strong>Opera<\/strong>: <a href=\"http:\/\/help.opera.com\/Windows\/11.50\/es-ES\/cookies.html\" target=\"_blank\" rel=\"noopener\">http:\/\/help.opera.com\/Windows\/11.50\/es-ES\/cookies.html<\/a><\/li><\/ul>\t\t\t\t\t\t\t\t<\/div>\n\t\t\t\t<\/div>\n\t\t\t\t\t<\/div>\n\t\t\t\t<\/div>\n\t\t\t\t<\/div>\n\t\t","protected":false},"excerpt":{"rendered":"<p>Este sitio web utiliza cookies propias y de terceros para ofrecerle una mejor experiencia y servicio. Al navegar o utilizar nuestros servicios, el usuario acepta el uso que hacemos de las cookies. No obstante, el usuario tiene la opci\u00f3n de impedir la generaci\u00f3n de cookies y de eliminar las cookies. \u00bfQU\u00c9 ES UNA COOKIE? Una [&hellip;]<\/p>\n","protected":false},"author":1,"featured_media":0,"parent":0,"menu_order":0,"comment_status":"closed","ping_status":"closed","template":"elementor_header_footer","meta":{"footnotes":""},"class_list":["post-16994","page","type-page","status-publish","hentry"],"yoast_head":"<!-- This site is optimized with the Yoast SEO plugin v26.4 - https:\/\/yoast.com\/wordpress\/plugins\/seo\/ -->\n<title>Pol\u00edtica de cookies | Romeu Prenafeta<\/title>\n<meta name=\"robots\" content=\"index, follow, max-snippet:-1, max-image-preview:large, max-video-preview:-1\" \/>\n<link rel=\"canonical\" href=\"https:\/\/romeuprenafeta.com\/es\/politica-de-cookies\/\" \/>\n<meta property=\"og:locale\" content=\"es_ES\" \/>\n<meta property=\"og:type\" content=\"article\" \/>\n<meta property=\"og:title\" content=\"Pol\u00edtica de cookies | Romeu Prenafeta\" \/>\n<meta property=\"og:description\" content=\"Este sitio web utiliza cookies propias y de terceros para ofrecerle una mejor experiencia y servicio. Al navegar o utilizar nuestros servicios, el usuario acepta el uso que hacemos de las cookies. No obstante, el usuario tiene la opci\u00f3n de impedir la generaci\u00f3n de cookies y de eliminar las cookies. \u00bfQU\u00c9 ES UNA COOKIE? Una [&hellip;]\" \/>\n<meta property=\"og:url\" content=\"https:\/\/romeuprenafeta.com\/es\/politica-de-cookies\/\" \/>\n<meta property=\"og:site_name\" content=\"Romeu Prenafeta\" \/>\n<meta property=\"article:publisher\" content=\"https:\/\/www.facebook.com\/romeuprenafeta\" \/>\n<meta property=\"article:modified_time\" content=\"2025-11-11T10:28:27+00:00\" \/>\n<meta name=\"twitter:card\" content=\"summary_large_image\" \/>\n<meta name=\"twitter:site\" content=\"@RomeuPrenafeta_\" \/>\n<meta name=\"twitter:label1\" content=\"Tiempo de lectura\" \/>\n\t<meta name=\"twitter:data1\" content=\"6 minutos\" \/>\n<script type=\"application\/ld+json\" class=\"yoast-schema-graph\">{\"@context\":\"https:\/\/schema.org\",\"@graph\":[{\"@type\":\"WebPage\",\"@id\":\"https:\/\/romeuprenafeta.com\/es\/politica-de-cookies\/\",\"url\":\"https:\/\/romeuprenafeta.com\/es\/politica-de-cookies\/\",\"name\":\"Pol\u00edtica de cookies | Romeu Prenafeta\",\"isPartOf\":{\"@id\":\"https:\/\/romeuprenafeta.com\/es\/#website\"},\"datePublished\":\"2025-05-15T11:46:40+00:00\",\"dateModified\":\"2025-11-11T10:28:27+00:00\",\"breadcrumb\":{\"@id\":\"https:\/\/romeuprenafeta.com\/es\/politica-de-cookies\/#breadcrumb\"},\"inLanguage\":\"es\",\"potentialAction\":[{\"@type\":\"ReadAction\",\"target\":[\"https:\/\/romeuprenafeta.com\/es\/politica-de-cookies\/\"]}]},{\"@type\":\"BreadcrumbList\",\"@id\":\"https:\/\/romeuprenafeta.com\/es\/politica-de-cookies\/#breadcrumb\",\"itemListElement\":[{\"@type\":\"ListItem\",\"position\":1,\"name\":\"Inici\",\"item\":\"https:\/\/romeuprenafeta.com\/es\/romeu-prenafeta\/\"},{\"@type\":\"ListItem\",\"position\":2,\"name\":\"Pol\u00edtica de cookies\"}]},{\"@type\":\"WebSite\",\"@id\":\"https:\/\/romeuprenafeta.com\/es\/#website\",\"url\":\"https:\/\/romeuprenafeta.com\/es\/\",\"name\":\"Romeu Prenafeta\",\"description\":\"\",\"publisher\":{\"@id\":\"https:\/\/romeuprenafeta.com\/es\/#organization\"},\"potentialAction\":[{\"@type\":\"SearchAction\",\"target\":{\"@type\":\"EntryPoint\",\"urlTemplate\":\"https:\/\/romeuprenafeta.com\/es\/?s={search_term_string}\"},\"query-input\":{\"@type\":\"PropertyValueSpecification\",\"valueRequired\":true,\"valueName\":\"search_term_string\"}}],\"inLanguage\":\"es\"},{\"@type\":\"Organization\",\"@id\":\"https:\/\/romeuprenafeta.com\/es\/#organization\",\"name\":\"Romeu Prenafeta\",\"url\":\"https:\/\/romeuprenafeta.com\/es\/\",\"logo\":{\"@type\":\"ImageObject\",\"inLanguage\":\"es\",\"@id\":\"https:\/\/romeuprenafeta.com\/es\/#\/schema\/logo\/image\/\",\"url\":\"https:\/\/romeuprenafeta.com\/wp-content\/uploads\/2025\/06\/cropped-RP_2024_Logo-blanc-verd-2.png\",\"contentUrl\":\"https:\/\/romeuprenafeta.com\/wp-content\/uploads\/2025\/06\/cropped-RP_2024_Logo-blanc-verd-2.png\",\"width\":2351,\"height\":1357,\"caption\":\"Romeu Prenafeta\"},\"image\":{\"@id\":\"https:\/\/romeuprenafeta.com\/es\/#\/schema\/logo\/image\/\"},\"sameAs\":[\"https:\/\/www.facebook.com\/romeuprenafeta\",\"https:\/\/x.com\/RomeuPrenafeta_\",\"https:\/\/www.linkedin.com\/company\/romeu-prenafeta\",\"https:\/\/www.instagram.com\/romeuprenafeta\",\"https:\/\/www.youtube.com\/channel\/UCIYJP_52XR_qaQxfrS7twOw\",\"https:\/\/www.tiktok.com\/@romeuprenafeta\"]}]}<\/script>\n<!-- \/ Yoast SEO plugin. -->","yoast_head_json":{"title":"Pol\u00edtica de cookies | Romeu Prenafeta","robots":{"index":"index","follow":"follow","max-snippet":"max-snippet:-1","max-image-preview":"max-image-preview:large","max-video-preview":"max-video-preview:-1"},"canonical":"https:\/\/romeuprenafeta.com\/es\/politica-de-cookies\/","og_locale":"es_ES","og_type":"article","og_title":"Pol\u00edtica de cookies | Romeu Prenafeta","og_description":"Este sitio web utiliza cookies propias y de terceros para ofrecerle una mejor experiencia y servicio. Al navegar o utilizar nuestros servicios, el usuario acepta el uso que hacemos de las cookies. No obstante, el usuario tiene la opci\u00f3n de impedir la generaci\u00f3n de cookies y de eliminar las cookies. \u00bfQU\u00c9 ES UNA COOKIE? Una [&hellip;]","og_url":"https:\/\/romeuprenafeta.com\/es\/politica-de-cookies\/","og_site_name":"Romeu Prenafeta","article_publisher":"https:\/\/www.facebook.com\/romeuprenafeta","article_modified_time":"2025-11-11T10:28:27+00:00","twitter_card":"summary_large_image","twitter_site":"@RomeuPrenafeta_","twitter_misc":{"Tiempo de lectura":"6 minutos"},"schema":{"@context":"https:\/\/schema.org","@graph":[{"@type":"WebPage","@id":"https:\/\/romeuprenafeta.com\/es\/politica-de-cookies\/","url":"https:\/\/romeuprenafeta.com\/es\/politica-de-cookies\/","name":"Pol\u00edtica de cookies | Romeu Prenafeta","isPartOf":{"@id":"https:\/\/romeuprenafeta.com\/es\/#website"},"datePublished":"2025-05-15T11:46:40+00:00","dateModified":"2025-11-11T10:28:27+00:00","breadcrumb":{"@id":"https:\/\/romeuprenafeta.com\/es\/politica-de-cookies\/#breadcrumb"},"inLanguage":"es","potentialAction":[{"@type":"ReadAction","target":["https:\/\/romeuprenafeta.com\/es\/politica-de-cookies\/"]}]},{"@type":"BreadcrumbList","@id":"https:\/\/romeuprenafeta.com\/es\/politica-de-cookies\/#breadcrumb","itemListElement":[{"@type":"ListItem","position":1,"name":"Inici","item":"https:\/\/romeuprenafeta.com\/es\/romeu-prenafeta\/"},{"@type":"ListItem","position":2,"name":"Pol\u00edtica de cookies"}]},{"@type":"WebSite","@id":"https:\/\/romeuprenafeta.com\/es\/#website","url":"https:\/\/romeuprenafeta.com\/es\/","name":"Romeu Prenafeta","description":"","publisher":{"@id":"https:\/\/romeuprenafeta.com\/es\/#organization"},"potentialAction":[{"@type":"SearchAction","target":{"@type":"EntryPoint","urlTemplate":"https:\/\/romeuprenafeta.com\/es\/?s={search_term_string}"},"query-input":{"@type":"PropertyValueSpecification","valueRequired":true,"valueName":"search_term_string"}}],"inLanguage":"es"},{"@type":"Organization","@id":"https:\/\/romeuprenafeta.com\/es\/#organization","name":"Romeu Prenafeta","url":"https:\/\/romeuprenafeta.com\/es\/","logo":{"@type":"ImageObject","inLanguage":"es","@id":"https:\/\/romeuprenafeta.com\/es\/#\/schema\/logo\/image\/","url":"https:\/\/romeuprenafeta.com\/wp-content\/uploads\/2025\/06\/cropped-RP_2024_Logo-blanc-verd-2.png","contentUrl":"https:\/\/romeuprenafeta.com\/wp-content\/uploads\/2025\/06\/cropped-RP_2024_Logo-blanc-verd-2.png","width":2351,"height":1357,"caption":"Romeu Prenafeta"},"image":{"@id":"https:\/\/romeuprenafeta.com\/es\/#\/schema\/logo\/image\/"},"sameAs":["https:\/\/www.facebook.com\/romeuprenafeta","https:\/\/x.com\/RomeuPrenafeta_","https:\/\/www.linkedin.com\/company\/romeu-prenafeta","https:\/\/www.instagram.com\/romeuprenafeta","https:\/\/www.youtube.com\/channel\/UCIYJP_52XR_qaQxfrS7twOw","https:\/\/www.tiktok.com\/@romeuprenafeta"]}]}},"_links":{"self":[{"href":"https:\/\/romeuprenafeta.com\/es\/wp-json\/wp\/v2\/pages\/16994","targetHints":{"allow":["GET"]}}],"collection":[{"href":"https:\/\/romeuprenafeta.com\/es\/wp-json\/wp\/v2\/pages"}],"about":[{"href":"https:\/\/romeuprenafeta.com\/es\/wp-json\/wp\/v2\/types\/page"}],"author":[{"embeddable":true,"href":"https:\/\/romeuprenafeta.com\/es\/wp-json\/wp\/v2\/users\/1"}],"replies":[{"embeddable":true,"href":"https:\/\/romeuprenafeta.com\/es\/wp-json\/wp\/v2\/comments?post=16994"}],"version-history":[{"count":2,"href":"https:\/\/romeuprenafeta.com\/es\/wp-json\/wp\/v2\/pages\/16994\/revisions"}],"predecessor-version":[{"id":22051,"href":"https:\/\/romeuprenafeta.com\/es\/wp-json\/wp\/v2\/pages\/16994\/revisions\/22051"}],"wp:attachment":[{"href":"https:\/\/romeuprenafeta.com\/es\/wp-json\/wp\/v2\/media?parent=16994"}],"curies":[{"name":"wp","href":"https:\/\/api.w.org\/{rel}","templated":true}]}}