{"id":16963,"date":"2025-06-05T07:15:45","date_gmt":"2025-06-05T07:15:45","guid":{"rendered":"https:\/\/nueva.romeuprenafeta.com\/servicios\/estrategia\/"},"modified":"2026-02-23T08:30:52","modified_gmt":"2026-02-23T08:30:52","slug":"estrategia","status":"publish","type":"page","link":"https:\/\/romeuprenafeta.com\/es\/servicios\/estrategia\/","title":{"rendered":"Estrategia"},"content":{"rendered":"\t\t<div data-elementor-type=\"wp-page\" data-elementor-id=\"16963\" class=\"elementor elementor-16963 elementor-16295\" data-elementor-post-type=\"page\">\n\t\t\t\t\t\t<section class=\"elementor-section elementor-top-section elementor-element elementor-element-aef291b elementor-section-boxed elementor-section-height-default elementor-section-height-default\" data-id=\"aef291b\" data-element_type=\"section\" data-settings=\"{&quot;background_background&quot;:&quot;classic&quot;}\">\n\t\t\t\t\t\t<div class=\"elementor-container elementor-column-gap-default\">\n\t\t\t\t\t<div class=\"elementor-column elementor-col-33 elementor-top-column elementor-element elementor-element-c820ff1\" data-id=\"c820ff1\" data-element_type=\"column\" data-settings=\"{&quot;background_background&quot;:&quot;classic&quot;}\">\n\t\t\t<div class=\"elementor-widget-wrap elementor-element-populated\">\n\t\t\t\t<div class=\"elementor-element elementor-element-2a69629 e-flex e-con-boxed e-con e-parent\" data-id=\"2a69629\" data-element_type=\"container\">\n\t\t\t\t\t<div class=\"e-con-inner\">\n\t\t\t\t<div class=\"elementor-element elementor-element-aa6a636 elementor-widget elementor-widget-image\" data-id=\"aa6a636\" data-element_type=\"widget\" data-widget_type=\"image.default\">\n\t\t\t\t<div class=\"elementor-widget-container\">\n\t\t\t\t\t\t\t\t\t\t\t\t\t\t\t<img fetchpriority=\"high\" decoding=\"async\" width=\"1000\" height=\"729\" src=\"https:\/\/romeuprenafeta.com\/wp-content\/uploads\/2025\/02\/Acompanyament-2.jpg\" class=\"attachment-large size-large wp-image-14329\" alt=\"\" srcset=\"https:\/\/romeuprenafeta.com\/wp-content\/uploads\/2025\/02\/Acompanyament-2.jpg 1000w, https:\/\/romeuprenafeta.com\/wp-content\/uploads\/2025\/02\/Acompanyament-2-570x416.jpg 570w, https:\/\/romeuprenafeta.com\/wp-content\/uploads\/2025\/02\/Acompanyament-2-300x219.jpg 300w, https:\/\/romeuprenafeta.com\/wp-content\/uploads\/2025\/02\/Acompanyament-2-768x560.jpg 768w, https:\/\/romeuprenafeta.com\/wp-content\/uploads\/2025\/02\/Acompanyament-2-380x277.jpg 380w, https:\/\/romeuprenafeta.com\/wp-content\/uploads\/2025\/02\/Acompanyament-2-296x216.jpg 296w\" sizes=\"(max-width: 1000px) 100vw, 1000px\" \/>\t\t\t\t\t\t\t\t\t\t\t\t\t\t\t<\/div>\n\t\t\t\t<\/div>\n\t\t\t\t<div class=\"elementor-element elementor-element-187cda2 elementor-widget elementor-widget-heading\" data-id=\"187cda2\" data-element_type=\"widget\" data-widget_type=\"heading.default\">\n\t\t\t\t<div class=\"elementor-widget-container\">\n\t\t\t\t\t<h2 class=\"elementor-heading-title elementor-size-default\">Planificar<\/h2>\t\t\t\t<\/div>\n\t\t\t\t<\/div>\n\t\t\t\t<div class=\"elementor-element elementor-element-4e77edc elementor-widget__width-initial elementor-widget elementor-widget-text-editor\" data-id=\"4e77edc\" data-element_type=\"widget\" data-widget_type=\"text-editor.default\">\n\t\t\t\t<div class=\"elementor-widget-container\">\n\t\t\t\t\t\t\t\t\t<p>Saber que un equipo de expertos en marketing est\u00e1 a tu lado te garantiza que el trabajo que realizas est\u00e1 probado y te da confianza.<\/p>\t\t\t\t\t\t\t\t<\/div>\n\t\t\t\t<\/div>\n\t\t\t\t<div class=\"elementor-element elementor-element-af73429 elementor-align-center elementor-widget elementor-widget-button\" data-id=\"af73429\" data-element_type=\"widget\" data-widget_type=\"button.default\">\n\t\t\t\t<div class=\"elementor-widget-container\">\n\t\t\t\t\t\t\t\t\t<div class=\"elementor-button-wrapper\">\n\t\t\t\t\t<a class=\"elementor-button elementor-button-link elementor-size-sm elementor-animation-shrink\" href=\"https:\/\/romeuprenafeta.com\/es\/servicios\/estrategia\/planificar\/\">\n\t\t\t\t\t\t<span class=\"elementor-button-content-wrapper\">\n\t\t\t\t\t\t\t\t\t<span class=\"elementor-button-text\">M\u00e1s informaci\u00f3n<\/span>\n\t\t\t\t\t<\/span>\n\t\t\t\t\t<\/a>\n\t\t\t\t<\/div>\n\t\t\t\t\t\t\t\t<\/div>\n\t\t\t\t<\/div>\n\t\t\t\t\t<\/div>\n\t\t\t\t<\/div>\n\t\t\t\t\t<\/div>\n\t\t<\/div>\n\t\t\t\t<div class=\"elementor-column elementor-col-33 elementor-top-column elementor-element elementor-element-3c0395a\" data-id=\"3c0395a\" data-element_type=\"column\" data-settings=\"{&quot;background_background&quot;:&quot;classic&quot;}\">\n\t\t\t<div class=\"elementor-widget-wrap elementor-element-populated\">\n\t\t\t\t<div class=\"elementor-element elementor-element-334537a e-flex e-con-boxed e-con e-parent\" data-id=\"334537a\" data-element_type=\"container\">\n\t\t\t\t\t<div class=\"e-con-inner\">\n\t\t\t\t<div class=\"elementor-element elementor-element-4194da9 elementor-widget elementor-widget-image\" data-id=\"4194da9\" data-element_type=\"widget\" data-widget_type=\"image.default\">\n\t\t\t\t<div class=\"elementor-widget-container\">\n\t\t\t\t\t\t\t\t\t\t\t\t\t\t\t<img decoding=\"async\" width=\"1000\" height=\"729\" src=\"https:\/\/romeuprenafeta.com\/wp-content\/uploads\/2021\/01\/Metrica-i-Analitica.jpg\" class=\"attachment-large size-large wp-image-15092\" alt=\"\" srcset=\"https:\/\/romeuprenafeta.com\/wp-content\/uploads\/2021\/01\/Metrica-i-Analitica.jpg 1000w, https:\/\/romeuprenafeta.com\/wp-content\/uploads\/2021\/01\/Metrica-i-Analitica-300x219.jpg 300w, https:\/\/romeuprenafeta.com\/wp-content\/uploads\/2021\/01\/Metrica-i-Analitica-768x560.jpg 768w, https:\/\/romeuprenafeta.com\/wp-content\/uploads\/2021\/01\/Metrica-i-Analitica-570x416.jpg 570w, https:\/\/romeuprenafeta.com\/wp-content\/uploads\/2021\/01\/Metrica-i-Analitica-380x277.jpg 380w, https:\/\/romeuprenafeta.com\/wp-content\/uploads\/2021\/01\/Metrica-i-Analitica-296x216.jpg 296w\" sizes=\"(max-width: 1000px) 100vw, 1000px\" \/>\t\t\t\t\t\t\t\t\t\t\t\t\t\t\t<\/div>\n\t\t\t\t<\/div>\n\t\t\t\t<div class=\"elementor-element elementor-element-50e9a38 elementor-widget elementor-widget-heading\" data-id=\"50e9a38\" data-element_type=\"widget\" data-widget_type=\"heading.default\">\n\t\t\t\t<div class=\"elementor-widget-container\">\n\t\t\t\t\t<h2 class=\"elementor-heading-title elementor-size-default\">M\u00e9trica y anal\u00edtica<\/h2>\t\t\t\t<\/div>\n\t\t\t\t<\/div>\n\t\t\t\t<div class=\"elementor-element elementor-element-944eeb3 elementor-widget__width-initial elementor-widget elementor-widget-text-editor\" data-id=\"944eeb3\" data-element_type=\"widget\" data-widget_type=\"text-editor.default\">\n\t\t\t\t<div class=\"elementor-widget-container\">\n\t\t\t\t\t\t\t\t\t<p>Analizar nos ayuda a contrastar las previsiones con los resultados, y nos permite redirigir y mejorar continuamente.<\/p>\t\t\t\t\t\t\t\t<\/div>\n\t\t\t\t<\/div>\n\t\t\t\t<div class=\"elementor-element elementor-element-dd30f16 elementor-align-center elementor-widget elementor-widget-button\" data-id=\"dd30f16\" data-element_type=\"widget\" data-widget_type=\"button.default\">\n\t\t\t\t<div class=\"elementor-widget-container\">\n\t\t\t\t\t\t\t\t\t<div class=\"elementor-button-wrapper\">\n\t\t\t\t\t<a class=\"elementor-button elementor-button-link elementor-size-sm elementor-animation-shrink\" href=\"https:\/\/romeuprenafeta.com\/es\/servicios\/estrategia\/metrica-y-analitica\/\">\n\t\t\t\t\t\t<span class=\"elementor-button-content-wrapper\">\n\t\t\t\t\t\t\t\t\t<span class=\"elementor-button-text\">M\u00e1s informaci\u00f3n<\/span>\n\t\t\t\t\t<\/span>\n\t\t\t\t\t<\/a>\n\t\t\t\t<\/div>\n\t\t\t\t\t\t\t\t<\/div>\n\t\t\t\t<\/div>\n\t\t\t\t\t<\/div>\n\t\t\t\t<\/div>\n\t\t\t\t\t<\/div>\n\t\t<\/div>\n\t\t\t\t<div class=\"elementor-column elementor-col-33 elementor-top-column elementor-element elementor-element-1193dd3\" data-id=\"1193dd3\" data-element_type=\"column\" data-settings=\"{&quot;background_background&quot;:&quot;classic&quot;}\">\n\t\t\t<div class=\"elementor-widget-wrap elementor-element-populated\">\n\t\t\t\t<div class=\"elementor-element elementor-element-fc02ebc e-flex e-con-boxed e-con e-parent\" data-id=\"fc02ebc\" data-element_type=\"container\">\n\t\t\t\t\t<div class=\"e-con-inner\">\n\t\t\t\t<div class=\"elementor-element elementor-element-827952d elementor-widget elementor-widget-image\" data-id=\"827952d\" data-element_type=\"widget\" data-widget_type=\"image.default\">\n\t\t\t\t<div class=\"elementor-widget-container\">\n\t\t\t\t\t\t\t\t\t\t\t\t\t\t\t<img decoding=\"async\" width=\"1000\" height=\"729\" src=\"https:\/\/romeuprenafeta.com\/wp-content\/uploads\/2025\/02\/Visio-de-futur-2.jpg\" class=\"attachment-large size-large wp-image-14380\" alt=\"\" srcset=\"https:\/\/romeuprenafeta.com\/wp-content\/uploads\/2025\/02\/Visio-de-futur-2.jpg 1000w, https:\/\/romeuprenafeta.com\/wp-content\/uploads\/2025\/02\/Visio-de-futur-2-570x416.jpg 570w, https:\/\/romeuprenafeta.com\/wp-content\/uploads\/2025\/02\/Visio-de-futur-2-300x219.jpg 300w, https:\/\/romeuprenafeta.com\/wp-content\/uploads\/2025\/02\/Visio-de-futur-2-768x560.jpg 768w, https:\/\/romeuprenafeta.com\/wp-content\/uploads\/2025\/02\/Visio-de-futur-2-380x277.jpg 380w, https:\/\/romeuprenafeta.com\/wp-content\/uploads\/2025\/02\/Visio-de-futur-2-296x216.jpg 296w\" sizes=\"(max-width: 1000px) 100vw, 1000px\" \/>\t\t\t\t\t\t\t\t\t\t\t\t\t\t\t<\/div>\n\t\t\t\t<\/div>\n\t\t\t\t<div class=\"elementor-element elementor-element-9d4283c elementor-widget elementor-widget-heading\" data-id=\"9d4283c\" data-element_type=\"widget\" data-widget_type=\"heading.default\">\n\t\t\t\t<div class=\"elementor-widget-container\">\n\t\t\t\t\t<h2 class=\"elementor-heading-title elementor-size-default\">Consultor\u00eda y<br> project manager<\/h2>\t\t\t\t<\/div>\n\t\t\t\t<\/div>\n\t\t\t\t<div class=\"elementor-element elementor-element-9a04710 elementor-widget__width-initial elementor-widget elementor-widget-text-editor\" data-id=\"9a04710\" data-element_type=\"widget\" data-widget_type=\"text-editor.default\">\n\t\t\t\t<div class=\"elementor-widget-container\">\n\t\t\t\t\t\t\t\t\t<p>Dibujar el futuro de tu negocio te ayuda a planificar a corto, medio y largo plazo, para optimizar los resultados.<\/p>\t\t\t\t\t\t\t\t<\/div>\n\t\t\t\t<\/div>\n\t\t\t\t<div class=\"elementor-element elementor-element-b84e877 elementor-align-center elementor-widget elementor-widget-button\" data-id=\"b84e877\" data-element_type=\"widget\" data-widget_type=\"button.default\">\n\t\t\t\t<div class=\"elementor-widget-container\">\n\t\t\t\t\t\t\t\t\t<div class=\"elementor-button-wrapper\">\n\t\t\t\t\t<a class=\"elementor-button elementor-button-link elementor-size-sm elementor-animation-shrink\" href=\"https:\/\/romeuprenafeta.com\/es\/servicios\/estrategia\/consultoria-y-project-manager\/\">\n\t\t\t\t\t\t<span class=\"elementor-button-content-wrapper\">\n\t\t\t\t\t\t\t\t\t<span class=\"elementor-button-text\">M\u00e1s informaci\u00f3n<\/span>\n\t\t\t\t\t<\/span>\n\t\t\t\t\t<\/a>\n\t\t\t\t<\/div>\n\t\t\t\t\t\t\t\t<\/div>\n\t\t\t\t<\/div>\n\t\t\t\t\t<\/div>\n\t\t\t\t<\/div>\n\t\t\t\t\t<\/div>\n\t\t<\/div>\n\t\t\t\t\t<\/div>\n\t\t<\/section>\n\t\t\t\t<section class=\"elementor-section elementor-top-section elementor-element elementor-element-d708a6c elementor-section-full_width elementor-section-height-default elementor-section-height-default\" data-id=\"d708a6c\" data-element_type=\"section\">\n\t\t\t\t\t\t<div class=\"elementor-container elementor-column-gap-no\">\n\t\t\t\t\t<div class=\"elementor-column elementor-col-100 elementor-top-column elementor-element elementor-element-4aa6437\" data-id=\"4aa6437\" data-element_type=\"column\">\n\t\t\t<div class=\"elementor-widget-wrap elementor-element-populated\">\n\t\t\t\t\t\t<div class=\"elementor-element elementor-element-7c766dc elementor-widget elementor-widget-linoor-call-to-action\" data-id=\"7c766dc\" data-element_type=\"widget\" data-widget_type=\"linoor-call-to-action.default\">\n\t\t\t\t<div class=\"elementor-widget-container\">\n\t\t\t\t\t\r\n<!-- Call To Section -->\r\n<section class=\"call-to-section-two alternate\">\r\n    <div class=\"auto-container\">\r\n        <div class=\"inner clearfix\">\r\n            <h2>T'has quedat <br>amb dubtes?<\/h2>\r\n            <div class=\"link-box\">\r\n                <a class=\"theme-btn btn-style-two\" href=\"\/contacta\/\">\r\n                    <i class=\"btn-curve\"><\/i>\r\n                    <span class=\"btn-title\">Parlem-ne<\/span>\r\n                <\/a>\r\n            <\/div>\r\n        <\/div>\r\n    <\/div>\r\n<\/section>\r\n\r\n\r\n\r\n\t\t\t\t<\/div>\n\t\t\t\t<\/div>\n\t\t\t\t\t<\/div>\n\t\t<\/div>\n\t\t\t\t\t<\/div>\n\t\t<\/section>\n\t\t\t\t<\/div>\n\t\t","protected":false},"excerpt":{"rendered":"<p>Planificar Saber que un equipo de expertos en marketing est\u00e1 a tu lado te garantiza que el trabajo que realizas est\u00e1 probado y te da confianza. M\u00e1s informaci\u00f3n M\u00e9trica y anal\u00edtica Analizar nos ayuda a contrastar las previsiones con los resultados, y nos permite redirigir y mejorar continuamente. M\u00e1s informaci\u00f3n Consultor\u00eda y project manager Dibujar [&hellip;]<\/p>\n","protected":false},"author":1,"featured_media":0,"parent":16961,"menu_order":0,"comment_status":"closed","ping_status":"closed","template":"elementor_header_footer","meta":{"footnotes":""},"class_list":["post-16963","page","type-page","status-publish","hentry"],"yoast_head":"<!-- This site is optimized with the Yoast SEO plugin v26.4 - https:\/\/yoast.com\/wordpress\/plugins\/seo\/ -->\n<title>Estrategia | Romeu Prenafeta<\/title>\n<meta name=\"robots\" content=\"index, follow, max-snippet:-1, max-image-preview:large, max-video-preview:-1\" \/>\n<link rel=\"canonical\" href=\"https:\/\/romeuprenafeta.com\/es\/servicios\/estrategia\/\" \/>\n<meta property=\"og:locale\" content=\"es_ES\" \/>\n<meta property=\"og:type\" content=\"article\" \/>\n<meta property=\"og:title\" content=\"Estrategia | Romeu Prenafeta\" \/>\n<meta property=\"og:description\" content=\"Planificar Saber que un equipo de expertos en marketing est\u00e1 a tu lado te garantiza que el trabajo que realizas est\u00e1 probado y te da confianza. M\u00e1s informaci\u00f3n M\u00e9trica y anal\u00edtica Analizar nos ayuda a contrastar las previsiones con los resultados, y nos permite redirigir y mejorar continuamente. M\u00e1s informaci\u00f3n Consultor\u00eda y project manager Dibujar [&hellip;]\" \/>\n<meta property=\"og:url\" content=\"https:\/\/romeuprenafeta.com\/es\/servicios\/estrategia\/\" \/>\n<meta property=\"og:site_name\" content=\"Romeu Prenafeta\" \/>\n<meta property=\"article:publisher\" content=\"https:\/\/www.facebook.com\/romeuprenafeta\" \/>\n<meta property=\"article:modified_time\" content=\"2026-02-23T08:30:52+00:00\" \/>\n<meta property=\"og:image\" content=\"https:\/\/romeuprenafeta.com\/wp-content\/uploads\/2025\/02\/Acompanyament-2.jpg\" \/>\n\t<meta property=\"og:image:width\" content=\"1000\" \/>\n\t<meta property=\"og:image:height\" content=\"729\" \/>\n\t<meta property=\"og:image:type\" content=\"image\/jpeg\" \/>\n<meta name=\"twitter:card\" content=\"summary_large_image\" \/>\n<meta name=\"twitter:site\" content=\"@RomeuPrenafeta_\" \/>\n<script type=\"application\/ld+json\" class=\"yoast-schema-graph\">{\"@context\":\"https:\/\/schema.org\",\"@graph\":[{\"@type\":\"WebPage\",\"@id\":\"https:\/\/romeuprenafeta.com\/es\/servicios\/estrategia\/\",\"url\":\"https:\/\/romeuprenafeta.com\/es\/servicios\/estrategia\/\",\"name\":\"Estrategia | Romeu Prenafeta\",\"isPartOf\":{\"@id\":\"https:\/\/romeuprenafeta.com\/es\/#website\"},\"primaryImageOfPage\":{\"@id\":\"https:\/\/romeuprenafeta.com\/es\/servicios\/estrategia\/#primaryimage\"},\"image\":{\"@id\":\"https:\/\/romeuprenafeta.com\/es\/servicios\/estrategia\/#primaryimage\"},\"thumbnailUrl\":\"https:\/\/romeuprenafeta.com\/wp-content\/uploads\/2025\/02\/Acompanyament-2.jpg\",\"datePublished\":\"2025-06-05T07:15:45+00:00\",\"dateModified\":\"2026-02-23T08:30:52+00:00\",\"breadcrumb\":{\"@id\":\"https:\/\/romeuprenafeta.com\/es\/servicios\/estrategia\/#breadcrumb\"},\"inLanguage\":\"es\",\"potentialAction\":[{\"@type\":\"ReadAction\",\"target\":[\"https:\/\/romeuprenafeta.com\/es\/servicios\/estrategia\/\"]}]},{\"@type\":\"ImageObject\",\"inLanguage\":\"es\",\"@id\":\"https:\/\/romeuprenafeta.com\/es\/servicios\/estrategia\/#primaryimage\",\"url\":\"https:\/\/romeuprenafeta.com\/wp-content\/uploads\/2025\/02\/Acompanyament-2.jpg\",\"contentUrl\":\"https:\/\/romeuprenafeta.com\/wp-content\/uploads\/2025\/02\/Acompanyament-2.jpg\"},{\"@type\":\"BreadcrumbList\",\"@id\":\"https:\/\/romeuprenafeta.com\/es\/servicios\/estrategia\/#breadcrumb\",\"itemListElement\":[{\"@type\":\"ListItem\",\"position\":1,\"name\":\"Inici\",\"item\":\"https:\/\/romeuprenafeta.com\/es\/romeu-prenafeta\/\"},{\"@type\":\"ListItem\",\"position\":2,\"name\":\"Servicios\",\"item\":\"https:\/\/romeuprenafeta.com\/es\/servicios\/\"},{\"@type\":\"ListItem\",\"position\":3,\"name\":\"Estrategia\"}]},{\"@type\":\"WebSite\",\"@id\":\"https:\/\/romeuprenafeta.com\/es\/#website\",\"url\":\"https:\/\/romeuprenafeta.com\/es\/\",\"name\":\"Romeu Prenafeta\",\"description\":\"\",\"publisher\":{\"@id\":\"https:\/\/romeuprenafeta.com\/es\/#organization\"},\"potentialAction\":[{\"@type\":\"SearchAction\",\"target\":{\"@type\":\"EntryPoint\",\"urlTemplate\":\"https:\/\/romeuprenafeta.com\/es\/?s={search_term_string}\"},\"query-input\":{\"@type\":\"PropertyValueSpecification\",\"valueRequired\":true,\"valueName\":\"search_term_string\"}}],\"inLanguage\":\"es\"},{\"@type\":\"Organization\",\"@id\":\"https:\/\/romeuprenafeta.com\/es\/#organization\",\"name\":\"Romeu Prenafeta\",\"url\":\"https:\/\/romeuprenafeta.com\/es\/\",\"logo\":{\"@type\":\"ImageObject\",\"inLanguage\":\"es\",\"@id\":\"https:\/\/romeuprenafeta.com\/es\/#\/schema\/logo\/image\/\",\"url\":\"https:\/\/romeuprenafeta.com\/wp-content\/uploads\/2025\/06\/cropped-RP_2024_Logo-blanc-verd-2.png\",\"contentUrl\":\"https:\/\/romeuprenafeta.com\/wp-content\/uploads\/2025\/06\/cropped-RP_2024_Logo-blanc-verd-2.png\",\"width\":2351,\"height\":1357,\"caption\":\"Romeu Prenafeta\"},\"image\":{\"@id\":\"https:\/\/romeuprenafeta.com\/es\/#\/schema\/logo\/image\/\"},\"sameAs\":[\"https:\/\/www.facebook.com\/romeuprenafeta\",\"https:\/\/x.com\/RomeuPrenafeta_\",\"https:\/\/www.linkedin.com\/company\/romeu-prenafeta\",\"https:\/\/www.instagram.com\/romeuprenafeta\",\"https:\/\/www.youtube.com\/channel\/UCIYJP_52XR_qaQxfrS7twOw\",\"https:\/\/www.tiktok.com\/@romeuprenafeta\"]}]}<\/script>\n<!-- \/ Yoast SEO plugin. -->","yoast_head_json":{"title":"Estrategia | Romeu Prenafeta","robots":{"index":"index","follow":"follow","max-snippet":"max-snippet:-1","max-image-preview":"max-image-preview:large","max-video-preview":"max-video-preview:-1"},"canonical":"https:\/\/romeuprenafeta.com\/es\/servicios\/estrategia\/","og_locale":"es_ES","og_type":"article","og_title":"Estrategia | Romeu Prenafeta","og_description":"Planificar Saber que un equipo de expertos en marketing est\u00e1 a tu lado te garantiza que el trabajo que realizas est\u00e1 probado y te da confianza. M\u00e1s informaci\u00f3n M\u00e9trica y anal\u00edtica Analizar nos ayuda a contrastar las previsiones con los resultados, y nos permite redirigir y mejorar continuamente. M\u00e1s informaci\u00f3n Consultor\u00eda y project manager Dibujar [&hellip;]","og_url":"https:\/\/romeuprenafeta.com\/es\/servicios\/estrategia\/","og_site_name":"Romeu Prenafeta","article_publisher":"https:\/\/www.facebook.com\/romeuprenafeta","article_modified_time":"2026-02-23T08:30:52+00:00","og_image":[{"width":1000,"height":729,"url":"https:\/\/romeuprenafeta.com\/wp-content\/uploads\/2025\/02\/Acompanyament-2.jpg","type":"image\/jpeg"}],"twitter_card":"summary_large_image","twitter_site":"@RomeuPrenafeta_","schema":{"@context":"https:\/\/schema.org","@graph":[{"@type":"WebPage","@id":"https:\/\/romeuprenafeta.com\/es\/servicios\/estrategia\/","url":"https:\/\/romeuprenafeta.com\/es\/servicios\/estrategia\/","name":"Estrategia | Romeu Prenafeta","isPartOf":{"@id":"https:\/\/romeuprenafeta.com\/es\/#website"},"primaryImageOfPage":{"@id":"https:\/\/romeuprenafeta.com\/es\/servicios\/estrategia\/#primaryimage"},"image":{"@id":"https:\/\/romeuprenafeta.com\/es\/servicios\/estrategia\/#primaryimage"},"thumbnailUrl":"https:\/\/romeuprenafeta.com\/wp-content\/uploads\/2025\/02\/Acompanyament-2.jpg","datePublished":"2025-06-05T07:15:45+00:00","dateModified":"2026-02-23T08:30:52+00:00","breadcrumb":{"@id":"https:\/\/romeuprenafeta.com\/es\/servicios\/estrategia\/#breadcrumb"},"inLanguage":"es","potentialAction":[{"@type":"ReadAction","target":["https:\/\/romeuprenafeta.com\/es\/servicios\/estrategia\/"]}]},{"@type":"ImageObject","inLanguage":"es","@id":"https:\/\/romeuprenafeta.com\/es\/servicios\/estrategia\/#primaryimage","url":"https:\/\/romeuprenafeta.com\/wp-content\/uploads\/2025\/02\/Acompanyament-2.jpg","contentUrl":"https:\/\/romeuprenafeta.com\/wp-content\/uploads\/2025\/02\/Acompanyament-2.jpg"},{"@type":"BreadcrumbList","@id":"https:\/\/romeuprenafeta.com\/es\/servicios\/estrategia\/#breadcrumb","itemListElement":[{"@type":"ListItem","position":1,"name":"Inici","item":"https:\/\/romeuprenafeta.com\/es\/romeu-prenafeta\/"},{"@type":"ListItem","position":2,"name":"Servicios","item":"https:\/\/romeuprenafeta.com\/es\/servicios\/"},{"@type":"ListItem","position":3,"name":"Estrategia"}]},{"@type":"WebSite","@id":"https:\/\/romeuprenafeta.com\/es\/#website","url":"https:\/\/romeuprenafeta.com\/es\/","name":"Romeu Prenafeta","description":"","publisher":{"@id":"https:\/\/romeuprenafeta.com\/es\/#organization"},"potentialAction":[{"@type":"SearchAction","target":{"@type":"EntryPoint","urlTemplate":"https:\/\/romeuprenafeta.com\/es\/?s={search_term_string}"},"query-input":{"@type":"PropertyValueSpecification","valueRequired":true,"valueName":"search_term_string"}}],"inLanguage":"es"},{"@type":"Organization","@id":"https:\/\/romeuprenafeta.com\/es\/#organization","name":"Romeu Prenafeta","url":"https:\/\/romeuprenafeta.com\/es\/","logo":{"@type":"ImageObject","inLanguage":"es","@id":"https:\/\/romeuprenafeta.com\/es\/#\/schema\/logo\/image\/","url":"https:\/\/romeuprenafeta.com\/wp-content\/uploads\/2025\/06\/cropped-RP_2024_Logo-blanc-verd-2.png","contentUrl":"https:\/\/romeuprenafeta.com\/wp-content\/uploads\/2025\/06\/cropped-RP_2024_Logo-blanc-verd-2.png","width":2351,"height":1357,"caption":"Romeu Prenafeta"},"image":{"@id":"https:\/\/romeuprenafeta.com\/es\/#\/schema\/logo\/image\/"},"sameAs":["https:\/\/www.facebook.com\/romeuprenafeta","https:\/\/x.com\/RomeuPrenafeta_","https:\/\/www.linkedin.com\/company\/romeu-prenafeta","https:\/\/www.instagram.com\/romeuprenafeta","https:\/\/www.youtube.com\/channel\/UCIYJP_52XR_qaQxfrS7twOw","https:\/\/www.tiktok.com\/@romeuprenafeta"]}]}},"_links":{"self":[{"href":"https:\/\/romeuprenafeta.com\/es\/wp-json\/wp\/v2\/pages\/16963","targetHints":{"allow":["GET"]}}],"collection":[{"href":"https:\/\/romeuprenafeta.com\/es\/wp-json\/wp\/v2\/pages"}],"about":[{"href":"https:\/\/romeuprenafeta.com\/es\/wp-json\/wp\/v2\/types\/page"}],"author":[{"embeddable":true,"href":"https:\/\/romeuprenafeta.com\/es\/wp-json\/wp\/v2\/users\/1"}],"replies":[{"embeddable":true,"href":"https:\/\/romeuprenafeta.com\/es\/wp-json\/wp\/v2\/comments?post=16963"}],"version-history":[{"count":31,"href":"https:\/\/romeuprenafeta.com\/es\/wp-json\/wp\/v2\/pages\/16963\/revisions"}],"predecessor-version":[{"id":23883,"href":"https:\/\/romeuprenafeta.com\/es\/wp-json\/wp\/v2\/pages\/16963\/revisions\/23883"}],"up":[{"embeddable":true,"href":"https:\/\/romeuprenafeta.com\/es\/wp-json\/wp\/v2\/pages\/16961"}],"wp:attachment":[{"href":"https:\/\/romeuprenafeta.com\/es\/wp-json\/wp\/v2\/media?parent=16963"}],"curies":[{"name":"wp","href":"https:\/\/api.w.org\/{rel}","templated":true}]}}