{"id":15280,"date":"2025-03-04T10:19:46","date_gmt":"2025-03-04T10:19:46","guid":{"rendered":"https:\/\/nueva.romeuprenafeta.com\/creatividad-visual\/"},"modified":"2026-02-23T08:52:43","modified_gmt":"2026-02-23T08:52:43","slug":"creatividad-visual","status":"publish","type":"page","link":"https:\/\/romeuprenafeta.com\/es\/servicios\/creatividad-visual\/","title":{"rendered":"Creatividad Visual"},"content":{"rendered":"\t\t<div data-elementor-type=\"wp-page\" data-elementor-id=\"15280\" class=\"elementor elementor-15280 elementor-11357\" data-elementor-post-type=\"page\">\n\t\t\t\t\t\t<section class=\"elementor-section elementor-top-section elementor-element elementor-element-520af1f elementor-section-boxed elementor-section-height-default elementor-section-height-default\" data-id=\"520af1f\" data-element_type=\"section\" data-settings=\"{&quot;background_background&quot;:&quot;classic&quot;}\">\n\t\t\t\t\t\t<div class=\"elementor-container elementor-column-gap-default\">\n\t\t\t\t\t<div class=\"elementor-column elementor-col-33 elementor-top-column elementor-element elementor-element-4df3436\" data-id=\"4df3436\" data-element_type=\"column\" data-settings=\"{&quot;background_background&quot;:&quot;classic&quot;}\">\n\t\t\t<div class=\"elementor-widget-wrap elementor-element-populated\">\n\t\t\t\t<div class=\"elementor-element elementor-element-300d745 e-flex e-con-boxed e-con e-parent\" data-id=\"300d745\" data-element_type=\"container\">\n\t\t\t\t\t<div class=\"e-con-inner\">\n\t\t\t\t<div class=\"elementor-element elementor-element-852403f elementor-widget elementor-widget-image\" data-id=\"852403f\" data-element_type=\"widget\" data-widget_type=\"image.default\">\n\t\t\t\t<div class=\"elementor-widget-container\">\n\t\t\t\t\t\t\t\t\t\t\t\t\t\t\t<img fetchpriority=\"high\" decoding=\"async\" width=\"1000\" height=\"729\" src=\"https:\/\/romeuprenafeta.com\/wp-content\/uploads\/2025\/02\/Disseny-grafic.jpg\" class=\"attachment-large size-large wp-image-13600\" alt=\"\" srcset=\"https:\/\/romeuprenafeta.com\/wp-content\/uploads\/2025\/02\/Disseny-grafic.jpg 1000w, https:\/\/romeuprenafeta.com\/wp-content\/uploads\/2025\/02\/Disseny-grafic-570x416.jpg 570w, https:\/\/romeuprenafeta.com\/wp-content\/uploads\/2025\/02\/Disseny-grafic-300x219.jpg 300w, https:\/\/romeuprenafeta.com\/wp-content\/uploads\/2025\/02\/Disseny-grafic-768x560.jpg 768w, https:\/\/romeuprenafeta.com\/wp-content\/uploads\/2025\/02\/Disseny-grafic-380x277.jpg 380w, https:\/\/romeuprenafeta.com\/wp-content\/uploads\/2025\/02\/Disseny-grafic-296x216.jpg 296w\" sizes=\"(max-width: 1000px) 100vw, 1000px\" \/>\t\t\t\t\t\t\t\t\t\t\t\t\t\t\t<\/div>\n\t\t\t\t<\/div>\n\t\t\t\t<div class=\"elementor-element elementor-element-fc5ce89 elementor-widget elementor-widget-heading\" data-id=\"fc5ce89\" data-element_type=\"widget\" data-widget_type=\"heading.default\">\n\t\t\t\t<div class=\"elementor-widget-container\">\n\t\t\t\t\t<h2 class=\"elementor-heading-title elementor-size-default\"><strong data-start=\"70\" data-end=\"88\">DISE\u00d1O GR\u00c1FICO<\/strong><\/h2>\t\t\t\t<\/div>\n\t\t\t\t<\/div>\n\t\t\t\t<div class=\"elementor-element elementor-element-dd247d4 elementor-widget__width-initial elementor-widget elementor-widget-text-editor\" data-id=\"dd247d4\" data-element_type=\"widget\" data-widget_type=\"text-editor.default\">\n\t\t\t\t<div class=\"elementor-widget-container\">\n\t\t\t\t\t\t\t\t\t<p>Transmitir tus valores, productos, servicios y promociones con un buen dise\u00f1o te ayudar\u00e1 a ser m\u00e1s claro y directo, y a obtener mejores resultados.<\/p>\t\t\t\t\t\t\t\t<\/div>\n\t\t\t\t<\/div>\n\t\t\t\t<div class=\"elementor-element elementor-element-e68b718 elementor-align-center elementor-widget elementor-widget-button\" data-id=\"e68b718\" data-element_type=\"widget\" data-widget_type=\"button.default\">\n\t\t\t\t<div class=\"elementor-widget-container\">\n\t\t\t\t\t\t\t\t\t<div class=\"elementor-button-wrapper\">\n\t\t\t\t\t<a class=\"elementor-button elementor-button-link elementor-size-sm elementor-animation-shrink\" href=\"https:\/\/romeuprenafeta.com\/es\/servicios\/creatividad-visual\/diseno-grafico\/\">\n\t\t\t\t\t\t<span class=\"elementor-button-content-wrapper\">\n\t\t\t\t\t\t\t\t\t<span class=\"elementor-button-text\">M\u00e1s informaci\u00f3n<\/span>\n\t\t\t\t\t<\/span>\n\t\t\t\t\t<\/a>\n\t\t\t\t<\/div>\n\t\t\t\t\t\t\t\t<\/div>\n\t\t\t\t<\/div>\n\t\t\t\t\t<\/div>\n\t\t\t\t<\/div>\n\t\t\t\t\t<\/div>\n\t\t<\/div>\n\t\t\t\t<div class=\"elementor-column elementor-col-33 elementor-top-column elementor-element elementor-element-a267eb3\" data-id=\"a267eb3\" data-element_type=\"column\" data-settings=\"{&quot;background_background&quot;:&quot;classic&quot;}\">\n\t\t\t<div class=\"elementor-widget-wrap elementor-element-populated\">\n\t\t\t\t<div class=\"elementor-element elementor-element-b2d373e e-flex e-con-boxed e-con e-parent\" data-id=\"b2d373e\" data-element_type=\"container\">\n\t\t\t\t\t<div class=\"e-con-inner\">\n\t\t\t\t<div class=\"elementor-element elementor-element-d2b3e58 elementor-widget elementor-widget-image\" data-id=\"d2b3e58\" data-element_type=\"widget\" data-widget_type=\"image.default\">\n\t\t\t\t<div class=\"elementor-widget-container\">\n\t\t\t\t\t\t\t\t\t\t\t\t\t\t\t<img decoding=\"async\" width=\"1000\" height=\"729\" src=\"https:\/\/romeuprenafeta.com\/wp-content\/uploads\/2025\/02\/Fotografia-1.jpg\" class=\"attachment-large size-large wp-image-14026\" alt=\"\" srcset=\"https:\/\/romeuprenafeta.com\/wp-content\/uploads\/2025\/02\/Fotografia-1.jpg 1000w, https:\/\/romeuprenafeta.com\/wp-content\/uploads\/2025\/02\/Fotografia-1-570x416.jpg 570w, https:\/\/romeuprenafeta.com\/wp-content\/uploads\/2025\/02\/Fotografia-1-300x219.jpg 300w, https:\/\/romeuprenafeta.com\/wp-content\/uploads\/2025\/02\/Fotografia-1-768x560.jpg 768w, https:\/\/romeuprenafeta.com\/wp-content\/uploads\/2025\/02\/Fotografia-1-380x277.jpg 380w, https:\/\/romeuprenafeta.com\/wp-content\/uploads\/2025\/02\/Fotografia-1-296x216.jpg 296w\" sizes=\"(max-width: 1000px) 100vw, 1000px\" \/>\t\t\t\t\t\t\t\t\t\t\t\t\t\t\t<\/div>\n\t\t\t\t<\/div>\n\t\t\t\t<div class=\"elementor-element elementor-element-8e597fd elementor-widget elementor-widget-heading\" data-id=\"8e597fd\" data-element_type=\"widget\" data-widget_type=\"heading.default\">\n\t\t\t\t<div class=\"elementor-widget-container\">\n\t\t\t\t\t<h2 class=\"elementor-heading-title elementor-size-default\"><strong data-start=\"243\" data-end=\"257\">FOTOGRAF\u00cdA<\/strong><\/h2>\t\t\t\t<\/div>\n\t\t\t\t<\/div>\n\t\t\t\t<div class=\"elementor-element elementor-element-3ea5b4c elementor-widget__width-initial elementor-widget elementor-widget-text-editor\" data-id=\"3ea5b4c\" data-element_type=\"widget\" data-widget_type=\"text-editor.default\">\n\t\t\t\t<div class=\"elementor-widget-container\">\n\t\t\t\t\t\t\t\t\t<p data-start=\"243\" data-end=\"381\">La imagen transmite m\u00e1s y mejor lo que tu marca quiere comunicar. Una fotograf\u00eda de calidad puede marcar la diferencia. <\/p>\t\t\t\t\t\t\t\t<\/div>\n\t\t\t\t<\/div>\n\t\t\t\t<div class=\"elementor-element elementor-element-d4f7a6c elementor-align-center elementor-widget elementor-widget-button\" data-id=\"d4f7a6c\" data-element_type=\"widget\" data-widget_type=\"button.default\">\n\t\t\t\t<div class=\"elementor-widget-container\">\n\t\t\t\t\t\t\t\t\t<div class=\"elementor-button-wrapper\">\n\t\t\t\t\t<a class=\"elementor-button elementor-button-link elementor-size-sm elementor-animation-shrink\" href=\"https:\/\/romeuprenafeta.com\/es\/servicios\/creatividad-visual\/fotografia\/\">\n\t\t\t\t\t\t<span class=\"elementor-button-content-wrapper\">\n\t\t\t\t\t\t\t\t\t<span class=\"elementor-button-text\">M\u00e1s informaci\u00f3n<\/span>\n\t\t\t\t\t<\/span>\n\t\t\t\t\t<\/a>\n\t\t\t\t<\/div>\n\t\t\t\t\t\t\t\t<\/div>\n\t\t\t\t<\/div>\n\t\t\t\t\t<\/div>\n\t\t\t\t<\/div>\n\t\t\t\t\t<\/div>\n\t\t<\/div>\n\t\t\t\t<div class=\"elementor-column elementor-col-33 elementor-top-column elementor-element elementor-element-abcb628\" data-id=\"abcb628\" data-element_type=\"column\" data-settings=\"{&quot;background_background&quot;:&quot;classic&quot;}\">\n\t\t\t<div class=\"elementor-widget-wrap elementor-element-populated\">\n\t\t\t\t<div class=\"elementor-element elementor-element-44e5187 e-flex e-con-boxed e-con e-parent\" data-id=\"44e5187\" data-element_type=\"container\">\n\t\t\t\t\t<div class=\"e-con-inner\">\n\t\t\t\t<div class=\"elementor-element elementor-element-8b1a14c elementor-widget elementor-widget-image\" data-id=\"8b1a14c\" data-element_type=\"widget\" data-widget_type=\"image.default\">\n\t\t\t\t<div class=\"elementor-widget-container\">\n\t\t\t\t\t\t\t\t\t\t\t\t\t\t\t<img decoding=\"async\" width=\"1000\" height=\"729\" src=\"https:\/\/romeuprenafeta.com\/wp-content\/uploads\/2025\/02\/Video-2.jpg\" class=\"attachment-large size-large wp-image-14063\" alt=\"\" srcset=\"https:\/\/romeuprenafeta.com\/wp-content\/uploads\/2025\/02\/Video-2.jpg 1000w, https:\/\/romeuprenafeta.com\/wp-content\/uploads\/2025\/02\/Video-2-570x416.jpg 570w, https:\/\/romeuprenafeta.com\/wp-content\/uploads\/2025\/02\/Video-2-300x219.jpg 300w, https:\/\/romeuprenafeta.com\/wp-content\/uploads\/2025\/02\/Video-2-768x560.jpg 768w, https:\/\/romeuprenafeta.com\/wp-content\/uploads\/2025\/02\/Video-2-380x277.jpg 380w, https:\/\/romeuprenafeta.com\/wp-content\/uploads\/2025\/02\/Video-2-296x216.jpg 296w\" sizes=\"(max-width: 1000px) 100vw, 1000px\" \/>\t\t\t\t\t\t\t\t\t\t\t\t\t\t\t<\/div>\n\t\t\t\t<\/div>\n\t\t\t\t<div class=\"elementor-element elementor-element-7e52cb6 elementor-widget elementor-widget-heading\" data-id=\"7e52cb6\" data-element_type=\"widget\" data-widget_type=\"heading.default\">\n\t\t\t\t<div class=\"elementor-widget-container\">\n\t\t\t\t\t<h2 class=\"elementor-heading-title elementor-size-default\"><strong data-start=\"388\" data-end=\"397\">ViDEO<\/strong><\/h2>\t\t\t\t<\/div>\n\t\t\t\t<\/div>\n\t\t\t\t<div class=\"elementor-element elementor-element-083c41f elementor-widget__width-initial elementor-widget elementor-widget-text-editor\" data-id=\"083c41f\" data-element_type=\"widget\" data-widget_type=\"text-editor.default\">\n\t\t\t\t<div class=\"elementor-widget-container\">\n\t\t\t\t\t\t\t\t\t<p>El v\u00eddeo es el lenguaje m\u00e1s universal y consumido por los usuarios. Te ayuda a explicar con mayor claridad tus valores, posicionamiento, productos, etc.<\/p>\t\t\t\t\t\t\t\t<\/div>\n\t\t\t\t<\/div>\n\t\t\t\t<div class=\"elementor-element elementor-element-56ecd64 elementor-align-center elementor-widget elementor-widget-button\" data-id=\"56ecd64\" data-element_type=\"widget\" data-widget_type=\"button.default\">\n\t\t\t\t<div class=\"elementor-widget-container\">\n\t\t\t\t\t\t\t\t\t<div class=\"elementor-button-wrapper\">\n\t\t\t\t\t<a class=\"elementor-button elementor-button-link elementor-size-sm elementor-animation-shrink\" href=\"https:\/\/romeuprenafeta.com\/es\/servicios\/creatividad-visual\/video\/\">\n\t\t\t\t\t\t<span class=\"elementor-button-content-wrapper\">\n\t\t\t\t\t\t\t\t\t<span class=\"elementor-button-text\">M\u00e1s informaci\u00f3n<\/span>\n\t\t\t\t\t<\/span>\n\t\t\t\t\t<\/a>\n\t\t\t\t<\/div>\n\t\t\t\t\t\t\t\t<\/div>\n\t\t\t\t<\/div>\n\t\t\t\t\t<\/div>\n\t\t\t\t<\/div>\n\t\t\t\t\t<\/div>\n\t\t<\/div>\n\t\t\t\t\t<\/div>\n\t\t<\/section>\n\t\t\t\t<section class=\"elementor-section elementor-top-section elementor-element elementor-element-41720d5 elementor-section-full_width elementor-section-height-default elementor-section-height-default\" data-id=\"41720d5\" data-element_type=\"section\">\n\t\t\t\t\t\t<div class=\"elementor-container elementor-column-gap-no\">\n\t\t\t\t\t<div class=\"elementor-column elementor-col-100 elementor-top-column elementor-element elementor-element-7f0121d\" data-id=\"7f0121d\" data-element_type=\"column\">\n\t\t\t<div class=\"elementor-widget-wrap elementor-element-populated\">\n\t\t\t\t\t\t<div class=\"elementor-element elementor-element-2cfe1c2 elementor-widget elementor-widget-linoor-call-to-action\" data-id=\"2cfe1c2\" data-element_type=\"widget\" data-widget_type=\"linoor-call-to-action.default\">\n\t\t\t\t<div class=\"elementor-widget-container\">\n\t\t\t\t\t\r\n<!-- Call To Section -->\r\n<section class=\"call-to-section-two alternate\">\r\n    <div class=\"auto-container\">\r\n        <div class=\"inner clearfix\">\r\n            <h2>T'has quedat <br>amb dubtes?<\/h2>\r\n            <div class=\"link-box\">\r\n                <a class=\"theme-btn btn-style-two\" href=\"\/contacta\/\">\r\n                    <i class=\"btn-curve\"><\/i>\r\n                    <span class=\"btn-title\">Parlem-ne<\/span>\r\n                <\/a>\r\n            <\/div>\r\n        <\/div>\r\n    <\/div>\r\n<\/section>\r\n\r\n\r\n\r\n\t\t\t\t<\/div>\n\t\t\t\t<\/div>\n\t\t\t\t\t<\/div>\n\t\t<\/div>\n\t\t\t\t\t<\/div>\n\t\t<\/section>\n\t\t\t\t<\/div>\n\t\t","protected":false},"excerpt":{"rendered":"<p>DISE\u00d1O GR\u00c1FICO Transmitir tus valores, productos, servicios y promociones con un buen dise\u00f1o te ayudar\u00e1 a ser m\u00e1s claro y directo, y a obtener mejores resultados. M\u00e1s informaci\u00f3n FOTOGRAF\u00cdA La imagen transmite m\u00e1s y mejor lo que tu marca quiere comunicar. Una fotograf\u00eda de calidad puede marcar la diferencia. M\u00e1s informaci\u00f3n ViDEO El v\u00eddeo es [&hellip;]<\/p>\n","protected":false},"author":1,"featured_media":0,"parent":16961,"menu_order":0,"comment_status":"closed","ping_status":"closed","template":"elementor_header_footer","meta":{"footnotes":""},"class_list":["post-15280","page","type-page","status-publish","hentry"],"yoast_head":"<!-- This site is optimized with the Yoast SEO plugin v26.4 - https:\/\/yoast.com\/wordpress\/plugins\/seo\/ -->\n<title>Creatividad Visual | Romeu Prenafeta<\/title>\n<meta name=\"robots\" content=\"index, follow, max-snippet:-1, max-image-preview:large, max-video-preview:-1\" \/>\n<link rel=\"canonical\" href=\"https:\/\/romeuprenafeta.com\/es\/servicios\/creatividad-visual\/\" \/>\n<meta property=\"og:locale\" content=\"es_ES\" \/>\n<meta property=\"og:type\" content=\"article\" \/>\n<meta property=\"og:title\" content=\"Creatividad Visual | Romeu Prenafeta\" \/>\n<meta property=\"og:description\" content=\"DISE\u00d1O GR\u00c1FICO Transmitir tus valores, productos, servicios y promociones con un buen dise\u00f1o te ayudar\u00e1 a ser m\u00e1s claro y directo, y a obtener mejores resultados. M\u00e1s informaci\u00f3n FOTOGRAF\u00cdA La imagen transmite m\u00e1s y mejor lo que tu marca quiere comunicar. Una fotograf\u00eda de calidad puede marcar la diferencia. M\u00e1s informaci\u00f3n ViDEO El v\u00eddeo es [&hellip;]\" \/>\n<meta property=\"og:url\" content=\"https:\/\/romeuprenafeta.com\/es\/servicios\/creatividad-visual\/\" \/>\n<meta property=\"og:site_name\" content=\"Romeu Prenafeta\" \/>\n<meta property=\"article:publisher\" content=\"https:\/\/www.facebook.com\/romeuprenafeta\" \/>\n<meta property=\"article:modified_time\" content=\"2026-02-23T08:52:43+00:00\" \/>\n<meta property=\"og:image\" content=\"https:\/\/romeuprenafeta.com\/wp-content\/uploads\/2025\/02\/Disseny-grafic.jpg\" \/>\n\t<meta property=\"og:image:width\" content=\"1000\" \/>\n\t<meta property=\"og:image:height\" content=\"729\" \/>\n\t<meta property=\"og:image:type\" content=\"image\/jpeg\" \/>\n<meta name=\"twitter:card\" content=\"summary_large_image\" \/>\n<meta name=\"twitter:site\" content=\"@RomeuPrenafeta_\" \/>\n<script type=\"application\/ld+json\" class=\"yoast-schema-graph\">{\"@context\":\"https:\/\/schema.org\",\"@graph\":[{\"@type\":\"WebPage\",\"@id\":\"https:\/\/romeuprenafeta.com\/es\/servicios\/creatividad-visual\/\",\"url\":\"https:\/\/romeuprenafeta.com\/es\/servicios\/creatividad-visual\/\",\"name\":\"Creatividad Visual | Romeu Prenafeta\",\"isPartOf\":{\"@id\":\"https:\/\/romeuprenafeta.com\/es\/#website\"},\"primaryImageOfPage\":{\"@id\":\"https:\/\/romeuprenafeta.com\/es\/servicios\/creatividad-visual\/#primaryimage\"},\"image\":{\"@id\":\"https:\/\/romeuprenafeta.com\/es\/servicios\/creatividad-visual\/#primaryimage\"},\"thumbnailUrl\":\"https:\/\/romeuprenafeta.com\/wp-content\/uploads\/2025\/02\/Disseny-grafic.jpg\",\"datePublished\":\"2025-03-04T10:19:46+00:00\",\"dateModified\":\"2026-02-23T08:52:43+00:00\",\"breadcrumb\":{\"@id\":\"https:\/\/romeuprenafeta.com\/es\/servicios\/creatividad-visual\/#breadcrumb\"},\"inLanguage\":\"es\",\"potentialAction\":[{\"@type\":\"ReadAction\",\"target\":[\"https:\/\/romeuprenafeta.com\/es\/servicios\/creatividad-visual\/\"]}]},{\"@type\":\"ImageObject\",\"inLanguage\":\"es\",\"@id\":\"https:\/\/romeuprenafeta.com\/es\/servicios\/creatividad-visual\/#primaryimage\",\"url\":\"https:\/\/romeuprenafeta.com\/wp-content\/uploads\/2025\/02\/Disseny-grafic.jpg\",\"contentUrl\":\"https:\/\/romeuprenafeta.com\/wp-content\/uploads\/2025\/02\/Disseny-grafic.jpg\"},{\"@type\":\"BreadcrumbList\",\"@id\":\"https:\/\/romeuprenafeta.com\/es\/servicios\/creatividad-visual\/#breadcrumb\",\"itemListElement\":[{\"@type\":\"ListItem\",\"position\":1,\"name\":\"Inici\",\"item\":\"https:\/\/romeuprenafeta.com\/es\/romeu-prenafeta\/\"},{\"@type\":\"ListItem\",\"position\":2,\"name\":\"Servicios\",\"item\":\"https:\/\/romeuprenafeta.com\/es\/servicios\/\"},{\"@type\":\"ListItem\",\"position\":3,\"name\":\"Creatividad Visual\"}]},{\"@type\":\"WebSite\",\"@id\":\"https:\/\/romeuprenafeta.com\/es\/#website\",\"url\":\"https:\/\/romeuprenafeta.com\/es\/\",\"name\":\"Romeu Prenafeta\",\"description\":\"\",\"publisher\":{\"@id\":\"https:\/\/romeuprenafeta.com\/es\/#organization\"},\"potentialAction\":[{\"@type\":\"SearchAction\",\"target\":{\"@type\":\"EntryPoint\",\"urlTemplate\":\"https:\/\/romeuprenafeta.com\/es\/?s={search_term_string}\"},\"query-input\":{\"@type\":\"PropertyValueSpecification\",\"valueRequired\":true,\"valueName\":\"search_term_string\"}}],\"inLanguage\":\"es\"},{\"@type\":\"Organization\",\"@id\":\"https:\/\/romeuprenafeta.com\/es\/#organization\",\"name\":\"Romeu Prenafeta\",\"url\":\"https:\/\/romeuprenafeta.com\/es\/\",\"logo\":{\"@type\":\"ImageObject\",\"inLanguage\":\"es\",\"@id\":\"https:\/\/romeuprenafeta.com\/es\/#\/schema\/logo\/image\/\",\"url\":\"https:\/\/romeuprenafeta.com\/wp-content\/uploads\/2025\/06\/cropped-RP_2024_Logo-blanc-verd-2.png\",\"contentUrl\":\"https:\/\/romeuprenafeta.com\/wp-content\/uploads\/2025\/06\/cropped-RP_2024_Logo-blanc-verd-2.png\",\"width\":2351,\"height\":1357,\"caption\":\"Romeu Prenafeta\"},\"image\":{\"@id\":\"https:\/\/romeuprenafeta.com\/es\/#\/schema\/logo\/image\/\"},\"sameAs\":[\"https:\/\/www.facebook.com\/romeuprenafeta\",\"https:\/\/x.com\/RomeuPrenafeta_\",\"https:\/\/www.linkedin.com\/company\/romeu-prenafeta\",\"https:\/\/www.instagram.com\/romeuprenafeta\",\"https:\/\/www.youtube.com\/channel\/UCIYJP_52XR_qaQxfrS7twOw\",\"https:\/\/www.tiktok.com\/@romeuprenafeta\"]}]}<\/script>\n<!-- \/ Yoast SEO plugin. -->","yoast_head_json":{"title":"Creatividad Visual | Romeu Prenafeta","robots":{"index":"index","follow":"follow","max-snippet":"max-snippet:-1","max-image-preview":"max-image-preview:large","max-video-preview":"max-video-preview:-1"},"canonical":"https:\/\/romeuprenafeta.com\/es\/servicios\/creatividad-visual\/","og_locale":"es_ES","og_type":"article","og_title":"Creatividad Visual | Romeu Prenafeta","og_description":"DISE\u00d1O GR\u00c1FICO Transmitir tus valores, productos, servicios y promociones con un buen dise\u00f1o te ayudar\u00e1 a ser m\u00e1s claro y directo, y a obtener mejores resultados. M\u00e1s informaci\u00f3n FOTOGRAF\u00cdA La imagen transmite m\u00e1s y mejor lo que tu marca quiere comunicar. Una fotograf\u00eda de calidad puede marcar la diferencia. M\u00e1s informaci\u00f3n ViDEO El v\u00eddeo es [&hellip;]","og_url":"https:\/\/romeuprenafeta.com\/es\/servicios\/creatividad-visual\/","og_site_name":"Romeu Prenafeta","article_publisher":"https:\/\/www.facebook.com\/romeuprenafeta","article_modified_time":"2026-02-23T08:52:43+00:00","og_image":[{"width":1000,"height":729,"url":"https:\/\/romeuprenafeta.com\/wp-content\/uploads\/2025\/02\/Disseny-grafic.jpg","type":"image\/jpeg"}],"twitter_card":"summary_large_image","twitter_site":"@RomeuPrenafeta_","schema":{"@context":"https:\/\/schema.org","@graph":[{"@type":"WebPage","@id":"https:\/\/romeuprenafeta.com\/es\/servicios\/creatividad-visual\/","url":"https:\/\/romeuprenafeta.com\/es\/servicios\/creatividad-visual\/","name":"Creatividad Visual | Romeu Prenafeta","isPartOf":{"@id":"https:\/\/romeuprenafeta.com\/es\/#website"},"primaryImageOfPage":{"@id":"https:\/\/romeuprenafeta.com\/es\/servicios\/creatividad-visual\/#primaryimage"},"image":{"@id":"https:\/\/romeuprenafeta.com\/es\/servicios\/creatividad-visual\/#primaryimage"},"thumbnailUrl":"https:\/\/romeuprenafeta.com\/wp-content\/uploads\/2025\/02\/Disseny-grafic.jpg","datePublished":"2025-03-04T10:19:46+00:00","dateModified":"2026-02-23T08:52:43+00:00","breadcrumb":{"@id":"https:\/\/romeuprenafeta.com\/es\/servicios\/creatividad-visual\/#breadcrumb"},"inLanguage":"es","potentialAction":[{"@type":"ReadAction","target":["https:\/\/romeuprenafeta.com\/es\/servicios\/creatividad-visual\/"]}]},{"@type":"ImageObject","inLanguage":"es","@id":"https:\/\/romeuprenafeta.com\/es\/servicios\/creatividad-visual\/#primaryimage","url":"https:\/\/romeuprenafeta.com\/wp-content\/uploads\/2025\/02\/Disseny-grafic.jpg","contentUrl":"https:\/\/romeuprenafeta.com\/wp-content\/uploads\/2025\/02\/Disseny-grafic.jpg"},{"@type":"BreadcrumbList","@id":"https:\/\/romeuprenafeta.com\/es\/servicios\/creatividad-visual\/#breadcrumb","itemListElement":[{"@type":"ListItem","position":1,"name":"Inici","item":"https:\/\/romeuprenafeta.com\/es\/romeu-prenafeta\/"},{"@type":"ListItem","position":2,"name":"Servicios","item":"https:\/\/romeuprenafeta.com\/es\/servicios\/"},{"@type":"ListItem","position":3,"name":"Creatividad Visual"}]},{"@type":"WebSite","@id":"https:\/\/romeuprenafeta.com\/es\/#website","url":"https:\/\/romeuprenafeta.com\/es\/","name":"Romeu Prenafeta","description":"","publisher":{"@id":"https:\/\/romeuprenafeta.com\/es\/#organization"},"potentialAction":[{"@type":"SearchAction","target":{"@type":"EntryPoint","urlTemplate":"https:\/\/romeuprenafeta.com\/es\/?s={search_term_string}"},"query-input":{"@type":"PropertyValueSpecification","valueRequired":true,"valueName":"search_term_string"}}],"inLanguage":"es"},{"@type":"Organization","@id":"https:\/\/romeuprenafeta.com\/es\/#organization","name":"Romeu Prenafeta","url":"https:\/\/romeuprenafeta.com\/es\/","logo":{"@type":"ImageObject","inLanguage":"es","@id":"https:\/\/romeuprenafeta.com\/es\/#\/schema\/logo\/image\/","url":"https:\/\/romeuprenafeta.com\/wp-content\/uploads\/2025\/06\/cropped-RP_2024_Logo-blanc-verd-2.png","contentUrl":"https:\/\/romeuprenafeta.com\/wp-content\/uploads\/2025\/06\/cropped-RP_2024_Logo-blanc-verd-2.png","width":2351,"height":1357,"caption":"Romeu Prenafeta"},"image":{"@id":"https:\/\/romeuprenafeta.com\/es\/#\/schema\/logo\/image\/"},"sameAs":["https:\/\/www.facebook.com\/romeuprenafeta","https:\/\/x.com\/RomeuPrenafeta_","https:\/\/www.linkedin.com\/company\/romeu-prenafeta","https:\/\/www.instagram.com\/romeuprenafeta","https:\/\/www.youtube.com\/channel\/UCIYJP_52XR_qaQxfrS7twOw","https:\/\/www.tiktok.com\/@romeuprenafeta"]}]}},"_links":{"self":[{"href":"https:\/\/romeuprenafeta.com\/es\/wp-json\/wp\/v2\/pages\/15280","targetHints":{"allow":["GET"]}}],"collection":[{"href":"https:\/\/romeuprenafeta.com\/es\/wp-json\/wp\/v2\/pages"}],"about":[{"href":"https:\/\/romeuprenafeta.com\/es\/wp-json\/wp\/v2\/types\/page"}],"author":[{"embeddable":true,"href":"https:\/\/romeuprenafeta.com\/es\/wp-json\/wp\/v2\/users\/1"}],"replies":[{"embeddable":true,"href":"https:\/\/romeuprenafeta.com\/es\/wp-json\/wp\/v2\/comments?post=15280"}],"version-history":[{"count":18,"href":"https:\/\/romeuprenafeta.com\/es\/wp-json\/wp\/v2\/pages\/15280\/revisions"}],"predecessor-version":[{"id":23890,"href":"https:\/\/romeuprenafeta.com\/es\/wp-json\/wp\/v2\/pages\/15280\/revisions\/23890"}],"up":[{"embeddable":true,"href":"https:\/\/romeuprenafeta.com\/es\/wp-json\/wp\/v2\/pages\/16961"}],"wp:attachment":[{"href":"https:\/\/romeuprenafeta.com\/es\/wp-json\/wp\/v2\/media?parent=15280"}],"curies":[{"name":"wp","href":"https:\/\/api.w.org\/{rel}","templated":true}]}}